{"id":98066,"date":"2017-03-22T22:06:02","date_gmt":"2017-03-22T22:06:02","guid":{"rendered":"http:\/\/keramika.holest.com\/slovenija\/product\/metal-onix\/"},"modified":"2025-12-31T00:00:40","modified_gmt":"2025-12-31T00:00:40","slug":"metal-onix","status":"publish","type":"product","link":"https:\/\/www.keramika.com\/slovenija\/metal-onix\/","title":{"rendered":"Metal Onix"},"content":{"rendered":"<p>Z velikostjo mre\u017ee 30&#215;30 cm na katero je pripet, je ta mozaik primeren ze razli\u010dne povr\u0161ine. Ta mozaik plo\u0161\u010dica prihaja iz \u0160panije, ki je znana po kvalitetni keramiki. Letos so mozaiki v sivi barvi zelo za\u017eeljeni. 6 mm je debelina, ki zadovolji tudi zahtevnej\u0161e kupce. Metal Onix je na voljo po zelo ugodni ceni 34,6 EUR.<\/p>\n","protected":false},"excerpt":{"rendered":"<p>Z velikostjo mre\u017ee 30&#215;30 cm na katero je pripet, je ta mozaik primeren ze razli\u010dne povr\u0161ine. Ta mozaik plo\u0161\u010dica prihaja iz \u0160panije, ki je znana po kvalitetni keramiki. Letos so mozaiki v sivi barvi zelo za\u017eeljeni. 6 mm je debelina, ki zadovolji tudi zahtevnej\u0161e kupce. Metal Onix je na voljo po zelo ugodni ceni 34,6 [&hellip;]<\/p>\n","protected":false},"featured_media":98067,"template":"","meta":[],"product_cat":[99946,440,400,999],"product_tag":[],"_links":{"self":[{"href":"https:\/\/www.keramika.com\/slovenija\/wp-json\/wp\/v2\/product\/98066"}],"collection":[{"href":"https:\/\/www.keramika.com\/slovenija\/wp-json\/wp\/v2\/product"}],"about":[{"href":"https:\/\/www.keramika.com\/slovenija\/wp-json\/wp\/v2\/types\/product"}],"wp:featuredmedia":[{"embeddable":true,"href":"https:\/\/www.keramika.com\/slovenija\/wp-json\/wp\/v2\/media\/98067"}],"wp:attachment":[{"href":"https:\/\/www.keramika.com\/slovenija\/wp-json\/wp\/v2\/media?parent=98066"}],"wp:term":[{"taxonomy":"product_cat","embeddable":true,"href":"https:\/\/www.keramika.com\/slovenija\/wp-json\/wp\/v2\/product_cat?post=98066"},{"taxonomy":"product_tag","embeddable":true,"href":"https:\/\/www.keramika.com\/slovenija\/wp-json\/wp\/v2\/product_tag?post=98066"}],"curies":[{"name":"wp","href":"https:\/\/api.w.org\/{rel}","templated":true}]}}