{"id":98064,"date":"2017-03-22T22:06:01","date_gmt":"2017-03-22T22:06:01","guid":{"rendered":"http:\/\/keramika.holest.com\/slovenija\/product\/cristal-azul\/"},"modified":"2025-12-31T00:00:40","modified_gmt":"2025-12-31T00:00:40","slug":"cristal-azul","status":"publish","type":"product","link":"https:\/\/www.keramika.com\/slovenija\/cristal-azul\/","title":{"rendered":"Cristal Azul"},"content":{"rendered":"<p>Ta mozaik je izdelal proizvajalec Halcon Ceramicas, ki prihaja iz \u0160panije. Mozaik na sliki je pripet na mre\u017eo, kar olaj\u0161a njegovo polaganje. Mre\u017ea je velika 30&#215;30 cm. Cristal Azul je na voljo po zelo ugodni ceni 22,25 EUR. Letos so mozaiki v modri barvi zelo za\u017eeljeni. Debelina kar 6 mm dela ta mozaik zelo trpe\u017een in presti\u017een na otip.<\/p>\n","protected":false},"excerpt":{"rendered":"<p>Ta mozaik je izdelal proizvajalec Halcon Ceramicas, ki prihaja iz \u0160panije. Mozaik na sliki je pripet na mre\u017eo, kar olaj\u0161a njegovo polaganje. Mre\u017ea je velika 30&#215;30 cm. Cristal Azul je na voljo po zelo ugodni ceni 22,25 EUR. Letos so mozaiki v modri barvi zelo za\u017eeljeni. Debelina kar 6 mm dela ta mozaik zelo trpe\u017een [&hellip;]<\/p>\n","protected":false},"featured_media":98065,"template":"","meta":[],"product_cat":[99946,400,999,430],"product_tag":[],"_links":{"self":[{"href":"https:\/\/www.keramika.com\/slovenija\/wp-json\/wp\/v2\/product\/98064"}],"collection":[{"href":"https:\/\/www.keramika.com\/slovenija\/wp-json\/wp\/v2\/product"}],"about":[{"href":"https:\/\/www.keramika.com\/slovenija\/wp-json\/wp\/v2\/types\/product"}],"wp:featuredmedia":[{"embeddable":true,"href":"https:\/\/www.keramika.com\/slovenija\/wp-json\/wp\/v2\/media\/98065"}],"wp:attachment":[{"href":"https:\/\/www.keramika.com\/slovenija\/wp-json\/wp\/v2\/media?parent=98064"}],"wp:term":[{"taxonomy":"product_cat","embeddable":true,"href":"https:\/\/www.keramika.com\/slovenija\/wp-json\/wp\/v2\/product_cat?post=98064"},{"taxonomy":"product_tag","embeddable":true,"href":"https:\/\/www.keramika.com\/slovenija\/wp-json\/wp\/v2\/product_tag?post=98064"}],"curies":[{"name":"wp","href":"https:\/\/api.w.org\/{rel}","templated":true}]}}