{"id":98060,"date":"2017-03-22T22:06:01","date_gmt":"2017-03-22T22:06:01","guid":{"rendered":"http:\/\/keramika.holest.com\/slovenija\/product\/cristal-iris\/"},"modified":"2025-12-31T00:00:40","modified_gmt":"2025-12-31T00:00:40","slug":"cristal-iris","status":"publish","type":"product","link":"https:\/\/www.keramika.com\/slovenija\/cristal-iris\/","title":{"rendered":"Cristal Iris"},"content":{"rendered":"<p>Cristal Iris je pripeljana iz \u0160panije in je zelo kvalitetna. 6 mm je debelina, ki zadovolji tudi zahtevnej\u0161e kupce. Ta mozaik je na voljo v \u010dudoviti rjavi prevladujo\u010di barvi, \u010de \u017eelite kak\u0161no drugo barvo pa nas kontaktirajte in preverili bomo pri proizvajalcu. Redna cena tega mozaika v maloprodaji zna\u0161a 27,81 EUR, v na\u0161i spletni trgovini pa ga lahko dobite \u017ee za 22,25 EUR. Z velikostjo mre\u017ee 30&#215;30 cm na katero je pripet, je ta mozaik primeren ze razli\u010dne povr\u0161ine.<\/p>\n","protected":false},"excerpt":{"rendered":"<p>Cristal Iris je pripeljana iz \u0160panije in je zelo kvalitetna. 6 mm je debelina, ki zadovolji tudi zahtevnej\u0161e kupce. Ta mozaik je na voljo v \u010dudoviti rjavi prevladujo\u010di barvi, \u010de \u017eelite kak\u0161no drugo barvo pa nas kontaktirajte in preverili bomo pri proizvajalcu. Redna cena tega mozaika v maloprodaji zna\u0161a 27,81 EUR, v na\u0161i spletni trgovini [&hellip;]<\/p>\n","protected":false},"featured_media":98061,"template":"","meta":[],"product_cat":[99946,400,999,430],"product_tag":[],"_links":{"self":[{"href":"https:\/\/www.keramika.com\/slovenija\/wp-json\/wp\/v2\/product\/98060"}],"collection":[{"href":"https:\/\/www.keramika.com\/slovenija\/wp-json\/wp\/v2\/product"}],"about":[{"href":"https:\/\/www.keramika.com\/slovenija\/wp-json\/wp\/v2\/types\/product"}],"wp:featuredmedia":[{"embeddable":true,"href":"https:\/\/www.keramika.com\/slovenija\/wp-json\/wp\/v2\/media\/98061"}],"wp:attachment":[{"href":"https:\/\/www.keramika.com\/slovenija\/wp-json\/wp\/v2\/media?parent=98060"}],"wp:term":[{"taxonomy":"product_cat","embeddable":true,"href":"https:\/\/www.keramika.com\/slovenija\/wp-json\/wp\/v2\/product_cat?post=98060"},{"taxonomy":"product_tag","embeddable":true,"href":"https:\/\/www.keramika.com\/slovenija\/wp-json\/wp\/v2\/product_tag?post=98060"}],"curies":[{"name":"wp","href":"https:\/\/api.w.org\/{rel}","templated":true}]}}