{"id":98058,"date":"2017-03-22T22:06:00","date_gmt":"2017-03-22T22:06:00","guid":{"rendered":"http:\/\/keramika.holest.com\/slovenija\/product\/cristal-ocre\/"},"modified":"2025-12-31T00:00:39","modified_gmt":"2025-12-31T00:00:39","slug":"cristal-ocre","status":"publish","type":"product","link":"https:\/\/www.keramika.com\/slovenija\/cristal-ocre\/","title":{"rendered":"Cristal Ocre"},"content":{"rendered":"<p>Zelo moderen mozaik v dominanti rumeni barvi popestri prav vsak prostor. 6 mm debeline je dovolj tudi za zahtevnej\u0161e kupce. Cristal Ocre prihaja iz \u0160panije, ki je znana po zelo kvalitetni keramiki v svetovnem merilu. Mozaik na sliki je pripet na mre\u017eo, kar olaj\u0161a njegovo polaganje. Mre\u017ea je velika 30&#215;30 cm. Cristal Ocre je na voljo po zelo ugodni ceni 26,32 EUR.<\/p>\n","protected":false},"excerpt":{"rendered":"<p>Zelo moderen mozaik v dominanti rumeni barvi popestri prav vsak prostor. 6 mm debeline je dovolj tudi za zahtevnej\u0161e kupce. Cristal Ocre prihaja iz \u0160panije, ki je znana po zelo kvalitetni keramiki v svetovnem merilu. Mozaik na sliki je pripet na mre\u017eo, kar olaj\u0161a njegovo polaganje. Mre\u017ea je velika 30&#215;30 cm. Cristal Ocre je na [&hellip;]<\/p>\n","protected":false},"featured_media":98059,"template":"","meta":[],"product_cat":[99946,400,999,430],"product_tag":[],"_links":{"self":[{"href":"https:\/\/www.keramika.com\/slovenija\/wp-json\/wp\/v2\/product\/98058"}],"collection":[{"href":"https:\/\/www.keramika.com\/slovenija\/wp-json\/wp\/v2\/product"}],"about":[{"href":"https:\/\/www.keramika.com\/slovenija\/wp-json\/wp\/v2\/types\/product"}],"wp:featuredmedia":[{"embeddable":true,"href":"https:\/\/www.keramika.com\/slovenija\/wp-json\/wp\/v2\/media\/98059"}],"wp:attachment":[{"href":"https:\/\/www.keramika.com\/slovenija\/wp-json\/wp\/v2\/media?parent=98058"}],"wp:term":[{"taxonomy":"product_cat","embeddable":true,"href":"https:\/\/www.keramika.com\/slovenija\/wp-json\/wp\/v2\/product_cat?post=98058"},{"taxonomy":"product_tag","embeddable":true,"href":"https:\/\/www.keramika.com\/slovenija\/wp-json\/wp\/v2\/product_tag?post=98058"}],"curies":[{"name":"wp","href":"https:\/\/api.w.org\/{rel}","templated":true}]}}