{"id":98056,"date":"2017-03-22T22:06:00","date_gmt":"2017-03-22T22:06:00","guid":{"rendered":"http:\/\/keramika.holest.com\/slovenija\/product\/cristal-gold\/"},"modified":"2025-12-31T00:00:39","modified_gmt":"2025-12-31T00:00:39","slug":"cristal-gold","status":"publish","type":"product","link":"https:\/\/www.keramika.com\/slovenija\/cristal-gold\/","title":{"rendered":"Cristal Gold"},"content":{"rendered":"<p>Na spletu boste za ta mozaik od\u0161teli le 26,32 EUR, medtem ko v redni prodaji cena zna\u0161a 32,91 EUR. Ta mozaik plo\u0161\u010dica prihaja iz \u0160panije, ki je znana po kvalitetni keramiki. Mozaik dobite pripet na mre\u017eo, kar olaj\u0161a njegovo polaganje. Velikost mre\u017ee je 30&#215;30 cm in je primerna za razli\u010dne povr\u0161ine. Ta model mozaik plo\u0161\u010dic se najbolje prodaja v rjavi barvi. Ta mozaik je debel 6 mm in je zelo trpe\u017een.<\/p>\n","protected":false},"excerpt":{"rendered":"<p>Na spletu boste za ta mozaik od\u0161teli le 26,32 EUR, medtem ko v redni prodaji cena zna\u0161a 32,91 EUR. Ta mozaik plo\u0161\u010dica prihaja iz \u0160panije, ki je znana po kvalitetni keramiki. Mozaik dobite pripet na mre\u017eo, kar olaj\u0161a njegovo polaganje. Velikost mre\u017ee je 30&#215;30 cm in je primerna za razli\u010dne povr\u0161ine. Ta model mozaik plo\u0161\u010dic [&hellip;]<\/p>\n","protected":false},"featured_media":98057,"template":"","meta":[],"product_cat":[99946,400,999,430],"product_tag":[],"_links":{"self":[{"href":"https:\/\/www.keramika.com\/slovenija\/wp-json\/wp\/v2\/product\/98056"}],"collection":[{"href":"https:\/\/www.keramika.com\/slovenija\/wp-json\/wp\/v2\/product"}],"about":[{"href":"https:\/\/www.keramika.com\/slovenija\/wp-json\/wp\/v2\/types\/product"}],"wp:featuredmedia":[{"embeddable":true,"href":"https:\/\/www.keramika.com\/slovenija\/wp-json\/wp\/v2\/media\/98057"}],"wp:attachment":[{"href":"https:\/\/www.keramika.com\/slovenija\/wp-json\/wp\/v2\/media?parent=98056"}],"wp:term":[{"taxonomy":"product_cat","embeddable":true,"href":"https:\/\/www.keramika.com\/slovenija\/wp-json\/wp\/v2\/product_cat?post=98056"},{"taxonomy":"product_tag","embeddable":true,"href":"https:\/\/www.keramika.com\/slovenija\/wp-json\/wp\/v2\/product_tag?post=98056"}],"curies":[{"name":"wp","href":"https:\/\/api.w.org\/{rel}","templated":true}]}}