{"id":98052,"date":"2017-03-22T22:05:59","date_gmt":"2017-03-22T22:05:59","guid":{"rendered":"http:\/\/keramika.holest.com\/slovenija\/product\/cristal-rojo\/"},"modified":"2025-12-31T00:00:39","modified_gmt":"2025-12-31T00:00:39","slug":"cristal-rojo","status":"publish","type":"product","link":"https:\/\/www.keramika.com\/slovenija\/cristal-rojo\/","title":{"rendered":"Cristal Rojo"},"content":{"rendered":"<p>Cristal Rojo je plo\u0161\u010dica proizvajalca Halcon Ceramicas in prihaja iz \u0160panije. 6 mm je debelina, ki zadovolji tudi zahtevnej\u0161e kupce. \u0160irina in dol\u017eina mre\u017ee na katero je pripet ta mozaik sta 30&#215;30 cm. Mre\u017eo lahko enostavno polo\u017eite na razli\u010dne povr\u0161ine. V redni prodaji bi morali za ta mozaik od\u0161teti 32,91 EUR, spletna cena pa zna\u0161a le 26,32 EUR. Ta mozaik plo\u0161\u010dica v \u010dudoviti rde\u010di barvi bo obogatila vsak prostor.<\/p>\n","protected":false},"excerpt":{"rendered":"<p>Cristal Rojo je plo\u0161\u010dica proizvajalca Halcon Ceramicas in prihaja iz \u0160panije. 6 mm je debelina, ki zadovolji tudi zahtevnej\u0161e kupce. \u0160irina in dol\u017eina mre\u017ee na katero je pripet ta mozaik sta 30&#215;30 cm. Mre\u017eo lahko enostavno polo\u017eite na razli\u010dne povr\u0161ine. V redni prodaji bi morali za ta mozaik od\u0161teti 32,91 EUR, spletna cena pa zna\u0161a [&hellip;]<\/p>\n","protected":false},"featured_media":98053,"template":"","meta":[],"product_cat":[99946,400,999,430],"product_tag":[],"_links":{"self":[{"href":"https:\/\/www.keramika.com\/slovenija\/wp-json\/wp\/v2\/product\/98052"}],"collection":[{"href":"https:\/\/www.keramika.com\/slovenija\/wp-json\/wp\/v2\/product"}],"about":[{"href":"https:\/\/www.keramika.com\/slovenija\/wp-json\/wp\/v2\/types\/product"}],"wp:featuredmedia":[{"embeddable":true,"href":"https:\/\/www.keramika.com\/slovenija\/wp-json\/wp\/v2\/media\/98053"}],"wp:attachment":[{"href":"https:\/\/www.keramika.com\/slovenija\/wp-json\/wp\/v2\/media?parent=98052"}],"wp:term":[{"taxonomy":"product_cat","embeddable":true,"href":"https:\/\/www.keramika.com\/slovenija\/wp-json\/wp\/v2\/product_cat?post=98052"},{"taxonomy":"product_tag","embeddable":true,"href":"https:\/\/www.keramika.com\/slovenija\/wp-json\/wp\/v2\/product_tag?post=98052"}],"curies":[{"name":"wp","href":"https:\/\/api.w.org\/{rel}","templated":true}]}}