{"id":98050,"date":"2017-07-22T22:05:58","date_gmt":"2017-07-22T22:05:58","guid":{"rendered":"http:\/\/keramika.holest.com\/slovenija\/product\/klinker-ploscice-cinzento\/"},"modified":"2025-12-31T00:00:39","modified_gmt":"2025-12-31T00:00:39","slug":"klinker-ploscice-cinzento","status":"publish","type":"product","link":"https:\/\/www.keramika.com\/slovenija\/klinker-ploscice-cinzento\/","title":{"rendered":"Klinker plo\u0161\u010dice cinzento"},"content":{"rendered":"<p>V redni prodaji bi morali za to plo\u0161\u010dico od\u0161teti 30,16 EUR, spletna cena pa zna\u0161a le 24,12 EUR. Letos so plo\u0161\u010dice v sivi barvi zelo za\u017eeljene. Velikost te plo\u0161\u010dice je 30&#215;30 cm. Debelina plo\u0161\u010dice je zelo pomembna in 15 mm uvr\u0161\u010da to plo\u0161\u010dico med najkvalitetnej\u0161e. Ta plo\u0161\u010dica prihaja iz Portugalske, ki je znana po kvalitetni keramiki.<\/p>\n<p><a class=\"pdfcatal\" href=\"\/\/www.ceramictiles.com\/pdf\/e-ceramica\/clinker_catalogue.pdf\"> Klinker katalog  <\/a\n\n\n10108 Talna siva siva 30&#215;30\n10408 Talna siva siva 24&#215;24\n10308 Talna siva siva 15&#215;30\n12708 Talna siva siva 15&#215;24\n10808 Stopnica Grey 30\n11108 Stopnica Grey 24\n11508 Stopnica kotna Grey\n10808R Straight stopnica Grey 30\n11108R Straight stopnica Grey 24\n10608 siva plo\u0161\u010da 8&#215;30\n11008 siva plo\u0161\u010da 8&#215;24\n12608D Sivi desni korak Bullnose\n12608E Sivi levi korak Bullnose\n12308 Okno \u0161e siva 30\n12408 Okno \u0161e vedno siva 24\n13408 Sivo korito\n10908 Sivi bazen\n11608 Sivi notranji rob\n11708 Grey Ext.Pool Edging Corner\n13008 Oklepni sivi 15,5&#215;24\n<\/p>\n","protected":false},"excerpt":{"rendered":"<p>V redni prodaji bi morali za to plo\u0161\u010dico od\u0161teti 30,16 EUR, spletna cena pa zna\u0161a le 24,12 EUR. Letos so plo\u0161\u010dice v sivi barvi zelo za\u017eeljene. Velikost te plo\u0161\u010dice je 30&#215;30 cm. Debelina plo\u0161\u010dice je zelo pomembna in 15 mm uvr\u0161\u010da to plo\u0161\u010dico med najkvalitetnej\u0161e. Ta plo\u0161\u010dica prihaja iz Portugalske, ki je znana po kvalitetni [&hellip;]<\/p>\n","protected":false},"featured_media":98051,"template":"","meta":[],"product_cat":[99921411,150,100,999,110],"product_tag":[],"_links":{"self":[{"href":"https:\/\/www.keramika.com\/slovenija\/wp-json\/wp\/v2\/product\/98050"}],"collection":[{"href":"https:\/\/www.keramika.com\/slovenija\/wp-json\/wp\/v2\/product"}],"about":[{"href":"https:\/\/www.keramika.com\/slovenija\/wp-json\/wp\/v2\/types\/product"}],"wp:featuredmedia":[{"embeddable":true,"href":"https:\/\/www.keramika.com\/slovenija\/wp-json\/wp\/v2\/media\/98051"}],"wp:attachment":[{"href":"https:\/\/www.keramika.com\/slovenija\/wp-json\/wp\/v2\/media?parent=98050"}],"wp:term":[{"taxonomy":"product_cat","embeddable":true,"href":"https:\/\/www.keramika.com\/slovenija\/wp-json\/wp\/v2\/product_cat?post=98050"},{"taxonomy":"product_tag","embeddable":true,"href":"https:\/\/www.keramika.com\/slovenija\/wp-json\/wp\/v2\/product_tag?post=98050"}],"curies":[{"name":"wp","href":"https:\/\/api.w.org\/{rel}","templated":true}]}}