{"id":98046,"date":"2017-03-22T22:05:58","date_gmt":"2017-03-22T22:05:58","guid":{"rendered":"http:\/\/keramika.holest.com\/slovenija\/product\/klinker-ploscice-vermelho\/"},"modified":"2025-12-31T00:00:38","modified_gmt":"2025-12-31T00:00:38","slug":"klinker-ploscice-vermelho","status":"publish","type":"product","link":"https:\/\/www.keramika.com\/slovenija\/klinker-ploscice-vermelho\/","title":{"rendered":"Klinker plo\u0161\u010dice vermelho"},"content":{"rendered":"<p>Plo\u0161\u010dica na sliki je velika 30&#215;30 cm. Ta plo\u0161\u010dica prihaja iz Portugalske, ki je znana po kvalitetni keramiki. Namesto 25,81 EUR kot bi za to plo\u0161\u010dico od\u0161teli v klasi\u010dni trgovini, boste v na\u0161i spletni prodajalni od\u0161teli le 20,65 EUR. Pri izbiri plo\u0161\u010dice v rde\u010di barvi ne morete zgre\u0161iti. Debelina kar 15 mm dela to plo\u0161\u010dico zelo trpe\u017eno in presti\u017eno na otip.<\/p>\n<p><a class=\"pdfcatal\" href=\"\/\/www.ceramictiles.com\/pdf\/e-ceramica\/clinker_catalogue.pdf\"> Klinker katalog  <\/a\n\n\n<\/p>\n","protected":false},"excerpt":{"rendered":"<p>Plo\u0161\u010dica na sliki je velika 30&#215;30 cm. Ta plo\u0161\u010dica prihaja iz Portugalske, ki je znana po kvalitetni keramiki. Namesto 25,81 EUR kot bi za to plo\u0161\u010dico od\u0161teli v klasi\u010dni trgovini, boste v na\u0161i spletni prodajalni od\u0161teli le 20,65 EUR. Pri izbiri plo\u0161\u010dice v rde\u010di barvi ne morete zgre\u0161iti. Debelina kar 15 mm dela to plo\u0161\u010dico [&hellip;]<\/p>\n","protected":false},"featured_media":98047,"template":"","meta":[],"product_cat":[99921411,150,100,999,110],"product_tag":[],"_links":{"self":[{"href":"https:\/\/www.keramika.com\/slovenija\/wp-json\/wp\/v2\/product\/98046"}],"collection":[{"href":"https:\/\/www.keramika.com\/slovenija\/wp-json\/wp\/v2\/product"}],"about":[{"href":"https:\/\/www.keramika.com\/slovenija\/wp-json\/wp\/v2\/types\/product"}],"wp:featuredmedia":[{"embeddable":true,"href":"https:\/\/www.keramika.com\/slovenija\/wp-json\/wp\/v2\/media\/98047"}],"wp:attachment":[{"href":"https:\/\/www.keramika.com\/slovenija\/wp-json\/wp\/v2\/media?parent=98046"}],"wp:term":[{"taxonomy":"product_cat","embeddable":true,"href":"https:\/\/www.keramika.com\/slovenija\/wp-json\/wp\/v2\/product_cat?post=98046"},{"taxonomy":"product_tag","embeddable":true,"href":"https:\/\/www.keramika.com\/slovenija\/wp-json\/wp\/v2\/product_tag?post=98046"}],"curies":[{"name":"wp","href":"https:\/\/api.w.org\/{rel}","templated":true}]}}