{"id":98044,"date":"2017-03-22T22:05:57","date_gmt":"2017-03-22T22:05:57","guid":{"rendered":"http:\/\/keramika.holest.com\/slovenija\/product\/klinker-ploscice-rubi\/"},"modified":"2025-12-31T00:00:38","modified_gmt":"2025-12-31T00:00:38","slug":"klinker-ploscice-rubi","status":"publish","type":"product","link":"https:\/\/www.keramika.com\/slovenija\/klinker-ploscice-rubi\/","title":{"rendered":"Klinker plo\u0161\u010dice rubi"},"content":{"rendered":"<p>To plo\u0161\u010dico je izdelal proizvajalec Grestejo, ki prihaja iz Portugalske. Debelina plo\u0161\u010dice je zelo pomembna in 15 mm uvr\u0161\u010da to plo\u0161\u010dico med najkvalitetnej\u0161e. Dimenzije te plo\u0161\u010dice so 30&#215;30 cm. Namesto 27,44 EUR kot bi za to plo\u0161\u010dico od\u0161teli v klasi\u010dni trgovini, boste v na\u0161i spletni prodajalni od\u0161teli le 21,95 EUR. Keramika v rde\u010di barvi popestri vsak prostor.<\/p>\n<p><a class=\"pdfcatal\" href=\"\/\/www.ceramictiles.com\/pdf\/e-ceramica\/clinker_catalogue.pdf\"> Klinker katalog  <\/a\n\n\n<\/p>\n","protected":false},"excerpt":{"rendered":"<p>To plo\u0161\u010dico je izdelal proizvajalec Grestejo, ki prihaja iz Portugalske. Debelina plo\u0161\u010dice je zelo pomembna in 15 mm uvr\u0161\u010da to plo\u0161\u010dico med najkvalitetnej\u0161e. Dimenzije te plo\u0161\u010dice so 30&#215;30 cm. Namesto 27,44 EUR kot bi za to plo\u0161\u010dico od\u0161teli v klasi\u010dni trgovini, boste v na\u0161i spletni prodajalni od\u0161teli le 21,95 EUR. Keramika v rde\u010di barvi popestri [&hellip;]<\/p>\n","protected":false},"featured_media":98045,"template":"","meta":[],"product_cat":[99921411,150,100,999,110],"product_tag":[],"_links":{"self":[{"href":"https:\/\/www.keramika.com\/slovenija\/wp-json\/wp\/v2\/product\/98044"}],"collection":[{"href":"https:\/\/www.keramika.com\/slovenija\/wp-json\/wp\/v2\/product"}],"about":[{"href":"https:\/\/www.keramika.com\/slovenija\/wp-json\/wp\/v2\/types\/product"}],"wp:featuredmedia":[{"embeddable":true,"href":"https:\/\/www.keramika.com\/slovenija\/wp-json\/wp\/v2\/media\/98045"}],"wp:attachment":[{"href":"https:\/\/www.keramika.com\/slovenija\/wp-json\/wp\/v2\/media?parent=98044"}],"wp:term":[{"taxonomy":"product_cat","embeddable":true,"href":"https:\/\/www.keramika.com\/slovenija\/wp-json\/wp\/v2\/product_cat?post=98044"},{"taxonomy":"product_tag","embeddable":true,"href":"https:\/\/www.keramika.com\/slovenija\/wp-json\/wp\/v2\/product_tag?post=98044"}],"curies":[{"name":"wp","href":"https:\/\/api.w.org\/{rel}","templated":true}]}}