{"id":98042,"date":"2017-03-22T22:05:57","date_gmt":"2017-03-22T22:05:57","guid":{"rendered":"http:\/\/keramika.holest.com\/slovenija\/product\/talne-porcelan-ploscice-heart-of-stone-beige\/"},"modified":"2025-12-31T00:00:38","modified_gmt":"2025-12-31T00:00:38","slug":"talne-porcelan-ploscice-heart-of-stone-beige","status":"publish","type":"product","link":"https:\/\/www.keramika.com\/slovenija\/talne-porcelan-ploscice-heart-of-stone-beige\/","title":{"rendered":"Talne porcelan plo\u0161\u010dice Heart of Stone Beige"},"content":{"rendered":"<p>Z 49&#215;49 cm je ta plo\u0161\u010dica primerna za razli\u010dne podlage. Ta kerami\u010dna plo\u0161\u010dica v \u010dudoviti be\u017e barvi bo obogatila vsak prostor. Heart of Stone Beige je na voljo po zelo ugodni ceni 51 EUR. Debelina plo\u0161\u010dice je zelo pomembna in 9 mm uvr\u0161\u010da to plo\u0161\u010dico med najkvalitetnej\u0161e. Heart of Stone Beige je pripeljana iz Portugalske in je zelo kvalitetna.<\/p>\n<p>Kliknite na ime kolekcije za ogled vseh plo\u0161\u010dic iz te serije: <a class=\"pdfcatal\" href=\"\/\/www.ceramictiles.com\/pdf\/cinca\/heart_of_stone.pdf\" onclick=\"recordOutboundLink(this, 'E-mail', 'Description PDF');return false;\">Cinca Heart of Stone<\/a><\/p>\n<p>\u010ce \u017eelite naro\u010diti model iz pdf kataloga te kolekcije, nam pi\u0161ite na: <a href=\"mailto:keramoteka.salon@gmail.com\" onclick=\"recordOutboundLink(this, 'E-mail', 'Description mail');return false;\">keramoteka.salon@gmail.com<\/a> ali pa nas pokli\u010dite na: 031 255 900.<\/p>\n<p>Technical description: <br \/> F 49&#215;99 ; 49&#215;49 ; 32&#215;49 ; 12&#215;49 ; 8,5&#215;49 ; 50&#215;50 ; 33&#215;33 ; 16&#215;33 ; 16&#215;16 <br \/>Heart Of Stone Bege ; Heart Of Stone Noz ; Heart Of Stone Cinza ; Heart Of Stone Cinza Escuro ; Heart Of Stone Preto ;<\/p>\n","protected":false},"excerpt":{"rendered":"<p>Z 49&#215;49 cm je ta plo\u0161\u010dica primerna za razli\u010dne podlage. Ta kerami\u010dna plo\u0161\u010dica v \u010dudoviti be\u017e barvi bo obogatila vsak prostor. Heart of Stone Beige je na voljo po zelo ugodni ceni 51 EUR. Debelina plo\u0161\u010dice je zelo pomembna in 9 mm uvr\u0161\u010da to plo\u0161\u010dico med najkvalitetnej\u0161e. Heart of Stone Beige je pripeljana iz Portugalske [&hellip;]<\/p>\n","protected":false},"featured_media":98043,"template":"","meta":[],"product_cat":[999968,200,220,999,250,240],"product_tag":[],"_links":{"self":[{"href":"https:\/\/www.keramika.com\/slovenija\/wp-json\/wp\/v2\/product\/98042"}],"collection":[{"href":"https:\/\/www.keramika.com\/slovenija\/wp-json\/wp\/v2\/product"}],"about":[{"href":"https:\/\/www.keramika.com\/slovenija\/wp-json\/wp\/v2\/types\/product"}],"wp:featuredmedia":[{"embeddable":true,"href":"https:\/\/www.keramika.com\/slovenija\/wp-json\/wp\/v2\/media\/98043"}],"wp:attachment":[{"href":"https:\/\/www.keramika.com\/slovenija\/wp-json\/wp\/v2\/media?parent=98042"}],"wp:term":[{"taxonomy":"product_cat","embeddable":true,"href":"https:\/\/www.keramika.com\/slovenija\/wp-json\/wp\/v2\/product_cat?post=98042"},{"taxonomy":"product_tag","embeddable":true,"href":"https:\/\/www.keramika.com\/slovenija\/wp-json\/wp\/v2\/product_tag?post=98042"}],"curies":[{"name":"wp","href":"https:\/\/api.w.org\/{rel}","templated":true}]}}