{"id":98040,"date":"2017-03-22T22:05:56","date_gmt":"2017-03-22T22:05:56","guid":{"rendered":"http:\/\/keramika.holest.com\/slovenija\/product\/ploscice-za-kopalnico-metropolitan-grey\/"},"modified":"2025-12-31T00:00:37","modified_gmt":"2025-12-31T00:00:37","slug":"ploscice-za-kopalnico-metropolitan-grey","status":"publish","type":"product","link":"https:\/\/www.keramika.com\/slovenija\/ploscice-za-kopalnico-metropolitan-grey\/","title":{"rendered":"Plo\u0161\u010dice za kopalnico Metropolitan Grey"},"content":{"rendered":"<p>Velikost te plo\u0161\u010dice je 32&#215;75 cm in je primerna za razli\u010dne povr\u0161ine. Plo\u0161\u010dica je debela kar 9 mm, kar jo uvr\u0161\u010da med bolj trde plo\u0161\u010dice. Letos so plo\u0161\u010dice v sivi barvi zelo za\u017eeljene. Metropolitan Grey je pripeljana iz Portugalske in je zelo kvalitetna. Redna cena te plo\u0161\u010dice v maloprodaji zna\u0161a 71,72 EUR, v na\u0161i spletni trgovini pa jo lahko dobite \u017ee za 57,38 EUR.<\/p>\n<p>Kliknite na ime kolekcije za ogled vseh plo\u0161\u010dic iz te serije: <a class=\"pdfcatal\" href=\"\/\/www.ceramictiles.com\/pdf\/cinca\/metropolitan.pdf\" onclick=\"recordOutboundLink(this, 'E-mail', 'Description PDF');return false;\">Cinca Metropolitan<\/a><\/p>\n<p>\u010ce \u017eelite naro\u010diti model iz pdf kataloga te kolekcije, nam pi\u0161ite na: <a href=\"mailto:keramoteka.salon@gmail.com\" onclick=\"recordOutboundLink(this, 'E-mail', 'Description mail');return false;\">keramoteka.salon@gmail.com<\/a> ali pa nas pokli\u010dite na: 031 255 900.<\/p>\n<p>Technical description: <br \/> W &#038; F 32&#215;75 ; 32&#215;32 <br \/>Metropolitan P\u00e9rola ; Metropolitan Ameixa ; Metropolitan Cinza ; Metropolitan Antracite ;<\/p>\n","protected":false},"excerpt":{"rendered":"<p>Velikost te plo\u0161\u010dice je 32&#215;75 cm in je primerna za razli\u010dne povr\u0161ine. Plo\u0161\u010dica je debela kar 9 mm, kar jo uvr\u0161\u010da med bolj trde plo\u0161\u010dice. Letos so plo\u0161\u010dice v sivi barvi zelo za\u017eeljene. Metropolitan Grey je pripeljana iz Portugalske in je zelo kvalitetna. Redna cena te plo\u0161\u010dice v maloprodaji zna\u0161a 71,72 EUR, v na\u0161i spletni [&hellip;]<\/p>\n","protected":false},"featured_media":98041,"template":"","meta":[],"product_cat":[999968,200,220,999,250,240],"product_tag":[],"_links":{"self":[{"href":"https:\/\/www.keramika.com\/slovenija\/wp-json\/wp\/v2\/product\/98040"}],"collection":[{"href":"https:\/\/www.keramika.com\/slovenija\/wp-json\/wp\/v2\/product"}],"about":[{"href":"https:\/\/www.keramika.com\/slovenija\/wp-json\/wp\/v2\/types\/product"}],"wp:featuredmedia":[{"embeddable":true,"href":"https:\/\/www.keramika.com\/slovenija\/wp-json\/wp\/v2\/media\/98041"}],"wp:attachment":[{"href":"https:\/\/www.keramika.com\/slovenija\/wp-json\/wp\/v2\/media?parent=98040"}],"wp:term":[{"taxonomy":"product_cat","embeddable":true,"href":"https:\/\/www.keramika.com\/slovenija\/wp-json\/wp\/v2\/product_cat?post=98040"},{"taxonomy":"product_tag","embeddable":true,"href":"https:\/\/www.keramika.com\/slovenija\/wp-json\/wp\/v2\/product_tag?post=98040"}],"curies":[{"name":"wp","href":"https:\/\/api.w.org\/{rel}","templated":true}]}}