{"id":98034,"date":"2017-03-22T22:05:55","date_gmt":"2017-03-22T22:05:55","guid":{"rendered":"http:\/\/keramika.holest.com\/slovenija\/product\/projektne-ploscice-arquitectos-china-blue\/"},"modified":"2025-12-31T00:00:37","modified_gmt":"2025-12-31T00:00:37","slug":"projektne-ploscice-arquitectos-china-blue","status":"publish","type":"product","link":"https:\/\/www.keramika.com\/slovenija\/projektne-ploscice-arquitectos-china-blue\/","title":{"rendered":"Projektne plo\u0161\u0107ice Arquitectos China Blue"},"content":{"rendered":"<p>Debelina kar 9 mm dela to plo\u0161\u010dico zelo trpe\u017eno in presti\u017eno na otip. V redni prodaji bi morali za to plo\u0161\u010dico od\u0161teti 37,5 EUR, spletna cena pa zna\u0161a le 30 EUR. Ta plo\u0161\u010dica prihaja iz Portugalske, ki je znana po kvalitetni keramiki. \u0160irina in dol\u017eina te plo\u0161\u010dice sta 20&#215;20 cm. Letos so plo\u0161\u010dice v modri barvi zelo za\u017eeljene.<\/p>\n<p>Kliknite na ime kolekcije za ogled vseh plo\u0161\u010dic iz te serije: <a class=\"pdfcatal\" href=\"\/\/www.ceramictiles.com\/pdf\/cinca\/arquitectos.pdf\" onclick=\"recordOutboundLink(this, 'E-mail', 'Description PDF');return false;\">Cinca Arquitectos<\/a><\/p>\n<p>\u010ce \u017eelite naro\u010diti model iz pdf kataloga te kolekcije, nam pi\u0161ite na: <a href=\"mailto:keramoteka.salon@gmail.com\" onclick=\"recordOutboundLink(this, 'E-mail', 'Description mail');return false;\">keramoteka.salon@gmail.com<\/a> ali pa nas pokli\u010dite na: 031 255 900.<\/p>\n<p>Technical description: <br \/>  W 20&#215;20 ; 15&#215;15 <br \/>Arquitectos Cinza Nuvem ; Arquitectos Fr\u00e9sia ; Arquitectos Creme ; Arquitectos P\u00e9rola ; Arquitectos Rosa Baby ; Arquitectos Rosa P\u00e9tala ; Arquitectos Cinza P\u00e9rola ; Arquitectos Jasmim ; Arquitectos Areia ; Arquitectos Marfim ; Arquitectos Rosa Champagne ; Arquitectos Rosa Aurora ; Arquitectos Cinza Prata ; Arquitectos Amarelo \u00cdndio ; Arquitectos Bege Bahamas ; Arquitectos Bege Calahari ; Arquitectos Salm\u00e3o ; Arquitectos Orqu\u00eddea ; Arquitectos Cinza A\u00e7o ; Arquitectos Tangerina ; Arquitectos \u00c2mbar ; Arquitectos S\u00e2ndalo ; Arquitectos Burgundy ; Arquitectos P\u00farpura ; Arquitectos Cinza Profundo ; Arquitectos Camel ; Arquitectos Conhaque ; Arquitectos Moca ; Arquitectos Branco ; Arquitectos Amarelo ; Arquitectos Coral ; Arquitectos Cobalto ; Arquitectos Preto ; Arquitectos Azur ; Arquitectos Azul Celeste ; Arquitectos Azul Caribe ; Arquitectos Azul Cristal ; Arquitectos Verde Oceano ; Arquitectos Verde Mar ; Arquitectos Verde Maio ;<\/p>\n","protected":false},"excerpt":{"rendered":"<p>Debelina kar 9 mm dela to plo\u0161\u010dico zelo trpe\u017eno in presti\u017eno na otip. V redni prodaji bi morali za to plo\u0161\u010dico od\u0161teti 37,5 EUR, spletna cena pa zna\u0161a le 30 EUR. Ta plo\u0161\u010dica prihaja iz Portugalske, ki je znana po kvalitetni keramiki. \u0160irina in dol\u017eina te plo\u0161\u010dice sta 20&#215;20 cm. Letos so plo\u0161\u010dice v modri [&hellip;]<\/p>\n","protected":false},"featured_media":98035,"template":"","meta":[],"product_cat":[999968,200,220,999,250,240],"product_tag":[],"_links":{"self":[{"href":"https:\/\/www.keramika.com\/slovenija\/wp-json\/wp\/v2\/product\/98034"}],"collection":[{"href":"https:\/\/www.keramika.com\/slovenija\/wp-json\/wp\/v2\/product"}],"about":[{"href":"https:\/\/www.keramika.com\/slovenija\/wp-json\/wp\/v2\/types\/product"}],"wp:featuredmedia":[{"embeddable":true,"href":"https:\/\/www.keramika.com\/slovenija\/wp-json\/wp\/v2\/media\/98035"}],"wp:attachment":[{"href":"https:\/\/www.keramika.com\/slovenija\/wp-json\/wp\/v2\/media?parent=98034"}],"wp:term":[{"taxonomy":"product_cat","embeddable":true,"href":"https:\/\/www.keramika.com\/slovenija\/wp-json\/wp\/v2\/product_cat?post=98034"},{"taxonomy":"product_tag","embeddable":true,"href":"https:\/\/www.keramika.com\/slovenija\/wp-json\/wp\/v2\/product_tag?post=98034"}],"curies":[{"name":"wp","href":"https:\/\/api.w.org\/{rel}","templated":true}]}}