{"id":98032,"date":"2017-03-22T22:05:55","date_gmt":"2017-03-22T22:05:55","guid":{"rendered":"http:\/\/keramika.holest.com\/slovenija\/product\/keope-ciottolato-rosso\/"},"modified":"2025-12-31T00:00:36","modified_gmt":"2025-12-31T00:00:36","slug":"keope-ciottolato-rosso","status":"publish","type":"product","link":"https:\/\/www.keramika.com\/slovenija\/keope-ciottolato-rosso\/","title":{"rendered":"Keope Ciottolato Rosso"},"content":{"rendered":"<p>Zelo moderna plo\u0161\u010dica v rde\u010di barvi popestri prav vsak prostor. To plo\u0161\u010dico je izdelal proizvajalec Keope, ki prihaja iz Italije. Keope Ciottolato Rosso je na voljo po zelo ugodni ceni 66.82 EUR. Debelina kar 9 mm dela to plo\u0161\u010dico zelo trpe\u017eno in presti\u017eno na otip. \u0160irina in dol\u017eina te plo\u0161\u010dice sta 29.5&#215;29.5 cm.<\/p>\n<p>Kliknite na ime kolekcije za ogled vseh plo\u0161\u010dic iz te serije: <a class=\"pdfcatal\" href=\"\/\/www.ceramictiles.com\/pdf\/keope\/ciottolato_rosso.pdf\" onclick=\"recordOutboundLink(this, 'E-mail', 'Description PDF');return false;\">Keope Ciottolato<\/a><\/p>\n<p>\u010ce \u017eelite naro\u010diti model iz pdf kataloga te kolekcije, nam pi\u0161ite na: <a href=\"mailto:keramoteka.salon@gmail.com\" onclick=\"recordOutboundLink(this, 'E-mail', 'Description mail');return false;\">keramoteka.salon@gmail.com<\/a> ali pa nas pokli\u010dite na: 031 255 900.<\/p>\n","protected":false},"excerpt":{"rendered":"<p>Zelo moderna plo\u0161\u010dica v rde\u010di barvi popestri prav vsak prostor. To plo\u0161\u010dico je izdelal proizvajalec Keope, ki prihaja iz Italije. Keope Ciottolato Rosso je na voljo po zelo ugodni ceni 66.82 EUR. Debelina kar 9 mm dela to plo\u0161\u010dico zelo trpe\u017eno in presti\u017eno na otip. \u0160irina in dol\u017eina te plo\u0161\u010dice sta 29.5&#215;29.5 cm. Kliknite na [&hellip;]<\/p>\n","protected":false},"featured_media":98033,"template":"","meta":[],"product_cat":[999580,200,220,999,250,240],"product_tag":[],"_links":{"self":[{"href":"https:\/\/www.keramika.com\/slovenija\/wp-json\/wp\/v2\/product\/98032"}],"collection":[{"href":"https:\/\/www.keramika.com\/slovenija\/wp-json\/wp\/v2\/product"}],"about":[{"href":"https:\/\/www.keramika.com\/slovenija\/wp-json\/wp\/v2\/types\/product"}],"wp:featuredmedia":[{"embeddable":true,"href":"https:\/\/www.keramika.com\/slovenija\/wp-json\/wp\/v2\/media\/98033"}],"wp:attachment":[{"href":"https:\/\/www.keramika.com\/slovenija\/wp-json\/wp\/v2\/media?parent=98032"}],"wp:term":[{"taxonomy":"product_cat","embeddable":true,"href":"https:\/\/www.keramika.com\/slovenija\/wp-json\/wp\/v2\/product_cat?post=98032"},{"taxonomy":"product_tag","embeddable":true,"href":"https:\/\/www.keramika.com\/slovenija\/wp-json\/wp\/v2\/product_tag?post=98032"}],"curies":[{"name":"wp","href":"https:\/\/api.w.org\/{rel}","templated":true}]}}