{"id":112212,"date":"2019-09-16T12:09:08","date_gmt":"2019-09-16T12:09:08","guid":{"rendered":"https:\/\/www.ceramictiles.com\/slovenija\/?post_type=product&#038;p=112212"},"modified":"2019-09-16T12:09:09","modified_gmt":"2019-09-16T12:09:09","slug":"aparici-stracciatella","status":"publish","type":"product","link":"https:\/\/www.keramika.com\/slovenija\/aparici-stracciatella\/","title":{"rendered":"Aparici Stracciatella"},"content":{"rendered":"<p>Stracciatella je porcelan keramika v obliki \u0161est kotnika kvalitetnega \u0160panskega proizvajalca Aparici. Plo\u0161\u010dice v dimenziji 25 X 29 so dobavljive v barvah White, Pink, Honey in Blue. Plo\u0161\u010dice so primerne za vse notranje prostore kot tudi za vse zunanje povr\u0161ine. Lepo pa se podajo v kopalnicah, hodnikih, kuhinjah&#8230;<\/p>\n<p>\u010ce \u017eelite naro\u010diti model te kolekcije, nam pi\u0161ite na: <a href=\"mailto:keramoteka.salon@gmail.com\">keramoteka.salon@gmail.com<\/a> ali pa nas pokli\u010dite na: 031 255 900.<\/p>\n","protected":false},"excerpt":{"rendered":"<p>Hexagon plo\u0161\u010dice Stracciatella<\/p>\n","protected":false},"featured_media":112213,"template":"","meta":[],"product_cat":[999773,200,280,220,230,260,250,240,270],"product_tag":[99950108,99921970,99921978,99921980,99950109,99950095],"_links":{"self":[{"href":"https:\/\/www.keramika.com\/slovenija\/wp-json\/wp\/v2\/product\/112212"}],"collection":[{"href":"https:\/\/www.keramika.com\/slovenija\/wp-json\/wp\/v2\/product"}],"about":[{"href":"https:\/\/www.keramika.com\/slovenija\/wp-json\/wp\/v2\/types\/product"}],"wp:featuredmedia":[{"embeddable":true,"href":"https:\/\/www.keramika.com\/slovenija\/wp-json\/wp\/v2\/media\/112213"}],"wp:attachment":[{"href":"https:\/\/www.keramika.com\/slovenija\/wp-json\/wp\/v2\/media?parent=112212"}],"wp:term":[{"taxonomy":"product_cat","embeddable":true,"href":"https:\/\/www.keramika.com\/slovenija\/wp-json\/wp\/v2\/product_cat?post=112212"},{"taxonomy":"product_tag","embeddable":true,"href":"https:\/\/www.keramika.com\/slovenija\/wp-json\/wp\/v2\/product_tag?post=112212"}],"curies":[{"name":"wp","href":"https:\/\/api.w.org\/{rel}","templated":true}]}}