{"id":112140,"date":"2019-02-28T08:54:14","date_gmt":"2019-02-28T08:54:14","guid":{"rendered":"http:\/\/www.ceramictiles.com\/slovenija\/?post_type=product&#038;p=112140"},"modified":"2019-04-10T11:25:32","modified_gmt":"2019-04-10T11:25:32","slug":"mosavit-galaxy-perseo","status":"publish","type":"product","link":"https:\/\/www.keramika.com\/slovenija\/mosavit-galaxy-perseo\/","title":{"rendered":"Mosavit Galaxy Perseo"},"content":{"rendered":"<p>Galaxy perseo je steklen mozaik na mre\u017ei kvalitetnega \u0160panskega proizvajalca Mosavit. Mozaik v beli barvi je dobavljiv v dimenziji 31,6 X 31,6 in je primerne za vse stenske povr\u0161ine. Lepo se poda v kuhinjske pasove, tu\u0161e, ni\u0161e&#8230;<\/p>\n<p>\u010ce \u017eelite naro\u010diti model te kolekcije, nam pi\u0161ite na: <a href=\"mailto:keramoteka.salon@gmail.com\">keramoteka.salon@gmail.com<\/a> ali pa nas pokli\u010dite na: 031 255 900.<\/p>\n","protected":false},"excerpt":{"rendered":"<p>Steklen mozaik Galaxy perseo<\/p>\n","protected":false},"featured_media":112141,"template":"","meta":[],"product_cat":[999405,400,410],"product_tag":[99950092],"_links":{"self":[{"href":"https:\/\/www.keramika.com\/slovenija\/wp-json\/wp\/v2\/product\/112140"}],"collection":[{"href":"https:\/\/www.keramika.com\/slovenija\/wp-json\/wp\/v2\/product"}],"about":[{"href":"https:\/\/www.keramika.com\/slovenija\/wp-json\/wp\/v2\/types\/product"}],"wp:featuredmedia":[{"embeddable":true,"href":"https:\/\/www.keramika.com\/slovenija\/wp-json\/wp\/v2\/media\/112141"}],"wp:attachment":[{"href":"https:\/\/www.keramika.com\/slovenija\/wp-json\/wp\/v2\/media?parent=112140"}],"wp:term":[{"taxonomy":"product_cat","embeddable":true,"href":"https:\/\/www.keramika.com\/slovenija\/wp-json\/wp\/v2\/product_cat?post=112140"},{"taxonomy":"product_tag","embeddable":true,"href":"https:\/\/www.keramika.com\/slovenija\/wp-json\/wp\/v2\/product_tag?post=112140"}],"curies":[{"name":"wp","href":"https:\/\/api.w.org\/{rel}","templated":true}]}}