{"id":112128,"date":"2019-02-06T11:57:32","date_gmt":"2019-02-06T11:57:32","guid":{"rendered":"http:\/\/www.ceramictiles.com\/slovenija\/?post_type=product&#038;p=112128"},"modified":"2019-04-10T11:17:35","modified_gmt":"2019-04-10T11:17:35","slug":"tau-diluca","status":"publish","type":"product","link":"https:\/\/www.keramika.com\/slovenija\/tau-diluca\/","title":{"rendered":"TAU Diluca"},"content":{"rendered":"<p>Diluca je talna porcelan keramika v imitaciji lesa kvalitetnega \u0160panskega proizvajalca TAU Ceramica. Plo\u0161\u010dice so dobavljive v dimenzijah: 22,5 X 180 in 30 X 180. Serija ponuja tudi tri razli\u010dne barve in sicer: White, Tan in Umber. Plo\u0161\u010dice so primerne tako za notranje prostore kot tudi za zunanje povr\u0161ine. Lepo se podajo v dnevne sobe, kuhinje, letne kuhinje&#8230;<\/p>\n<p>\u010ce \u017eelite naro\u010diti model te kolekcije, nam pi\u0161ite na: <a href=\"mailto:keramoteka.salon@gmail.com\">keramoteka.salon@gmail.com<\/a> ali pa nas pokli\u010dite na: 031 255 900.<\/p>\n<p>&nbsp;<\/p>\n","protected":false},"excerpt":{"rendered":"<p>Keramika v imitaciji lesa Diluca<\/p>\n","protected":false},"featured_media":112129,"template":"","meta":[],"product_cat":[220,230,260,240,999125,270],"product_tag":[99921976,99950095,99950096],"_links":{"self":[{"href":"https:\/\/www.keramika.com\/slovenija\/wp-json\/wp\/v2\/product\/112128"}],"collection":[{"href":"https:\/\/www.keramika.com\/slovenija\/wp-json\/wp\/v2\/product"}],"about":[{"href":"https:\/\/www.keramika.com\/slovenija\/wp-json\/wp\/v2\/types\/product"}],"wp:featuredmedia":[{"embeddable":true,"href":"https:\/\/www.keramika.com\/slovenija\/wp-json\/wp\/v2\/media\/112129"}],"wp:attachment":[{"href":"https:\/\/www.keramika.com\/slovenija\/wp-json\/wp\/v2\/media?parent=112128"}],"wp:term":[{"taxonomy":"product_cat","embeddable":true,"href":"https:\/\/www.keramika.com\/slovenija\/wp-json\/wp\/v2\/product_cat?post=112128"},{"taxonomy":"product_tag","embeddable":true,"href":"https:\/\/www.keramika.com\/slovenija\/wp-json\/wp\/v2\/product_tag?post=112128"}],"curies":[{"name":"wp","href":"https:\/\/api.w.org\/{rel}","templated":true}]}}