{"id":112124,"date":"2019-01-15T12:38:30","date_gmt":"2019-01-15T12:38:30","guid":{"rendered":"http:\/\/www.ceramictiles.com\/slovenija\/?post_type=product&#038;p=112124"},"modified":"2019-04-10T11:22:32","modified_gmt":"2019-04-10T11:22:32","slug":"lavabo-sira-oro","status":"publish","type":"product","link":"https:\/\/www.keramika.com\/slovenija\/lavabo-sira-oro\/","title":{"rendered":"Lavabo Sira Oro"},"content":{"rendered":"<p>Lavabo sira oro je zlat kerami\u010dni umivalnik kvalitetnega \u0160panskega proizvajalca Mosavit.<\/p>\n<p>\u010ce \u017eelite naro\u010diti model iz pdf kataloga te kolekcije, nam pi\u0161ite na: <a href=\"mailto:keramoteka.salon@gmail.com\">keramoteka.salon@gmail.com<\/a> ali pa nas pokli\u010dite na: 031 255 900.<\/p>\n","protected":false},"excerpt":{"rendered":"<p>Zlat kerami\u010dni umivalnik<\/p>\n","protected":false},"featured_media":112125,"template":"","meta":[],"product_cat":[500,999405,514],"product_tag":[99950112,99950111],"_links":{"self":[{"href":"https:\/\/www.keramika.com\/slovenija\/wp-json\/wp\/v2\/product\/112124"}],"collection":[{"href":"https:\/\/www.keramika.com\/slovenija\/wp-json\/wp\/v2\/product"}],"about":[{"href":"https:\/\/www.keramika.com\/slovenija\/wp-json\/wp\/v2\/types\/product"}],"wp:featuredmedia":[{"embeddable":true,"href":"https:\/\/www.keramika.com\/slovenija\/wp-json\/wp\/v2\/media\/112125"}],"wp:attachment":[{"href":"https:\/\/www.keramika.com\/slovenija\/wp-json\/wp\/v2\/media?parent=112124"}],"wp:term":[{"taxonomy":"product_cat","embeddable":true,"href":"https:\/\/www.keramika.com\/slovenija\/wp-json\/wp\/v2\/product_cat?post=112124"},{"taxonomy":"product_tag","embeddable":true,"href":"https:\/\/www.keramika.com\/slovenija\/wp-json\/wp\/v2\/product_tag?post=112124"}],"curies":[{"name":"wp","href":"https:\/\/api.w.org\/{rel}","templated":true}]}}