{"id":112119,"date":"2019-01-09T11:36:25","date_gmt":"2019-01-09T11:36:25","guid":{"rendered":"http:\/\/www.ceramictiles.com\/slovenija\/?post_type=product&#038;p=112119"},"modified":"2019-04-10T11:21:41","modified_gmt":"2019-04-10T11:21:41","slug":"tau-rivet","status":"publish","type":"product","link":"https:\/\/www.keramika.com\/slovenija\/tau-rivet\/","title":{"rendered":"TAU Rivet"},"content":{"rendered":"<p>Rivet je talna keramika kvalitetnega \u0160panskega proizvajalca TAU Ceramicas. Keramika v izgledu patchworka je dobavljiva v dimenziji 60 X 60. Plo\u0161\u010dice se prav lepo podajo v vsakem notranjem prostoru, prav tako pa so primerne tudi za zunanje povr\u0161ine kot so letne kuhinje, terase&#8230;<\/p>\n<p>\u010ce \u017eelite naro\u010diti model iz pdf kataloga te kolekcije, nam pi\u0161ite na: <a href=\"mailto:keramoteka.salon@gmail.com\">keramoteka.salon@gmail.com<\/a> ali pa nas pokli\u010dite na: 031 255 900.<\/p>\n","protected":false},"excerpt":{"rendered":"<p>Patchwork keramika dimenzije 60 X 60<\/p>\n","protected":false},"featured_media":112120,"template":"","meta":[],"product_cat":[200,280,220,230,260,250,240,999125,270],"product_tag":[99950108,99950106,99950110,99950096,99950101],"_links":{"self":[{"href":"https:\/\/www.keramika.com\/slovenija\/wp-json\/wp\/v2\/product\/112119"}],"collection":[{"href":"https:\/\/www.keramika.com\/slovenija\/wp-json\/wp\/v2\/product"}],"about":[{"href":"https:\/\/www.keramika.com\/slovenija\/wp-json\/wp\/v2\/types\/product"}],"wp:featuredmedia":[{"embeddable":true,"href":"https:\/\/www.keramika.com\/slovenija\/wp-json\/wp\/v2\/media\/112120"}],"wp:attachment":[{"href":"https:\/\/www.keramika.com\/slovenija\/wp-json\/wp\/v2\/media?parent=112119"}],"wp:term":[{"taxonomy":"product_cat","embeddable":true,"href":"https:\/\/www.keramika.com\/slovenija\/wp-json\/wp\/v2\/product_cat?post=112119"},{"taxonomy":"product_tag","embeddable":true,"href":"https:\/\/www.keramika.com\/slovenija\/wp-json\/wp\/v2\/product_tag?post=112119"}],"curies":[{"name":"wp","href":"https:\/\/api.w.org\/{rel}","templated":true}]}}