{"id":112086,"date":"2018-12-18T13:30:18","date_gmt":"2018-12-18T13:30:18","guid":{"rendered":"http:\/\/www.ceramictiles.com\/slovenija\/?post_type=product&#038;p=112086"},"modified":"2019-04-10T11:19:33","modified_gmt":"2019-04-10T11:19:33","slug":"mainzu-tuscania","status":"publish","type":"product","link":"https:\/\/www.keramika.com\/slovenija\/mainzu-tuscania\/","title":{"rendered":"Mainzu Tuscania"},"content":{"rendered":"<p>Tuscania je mat talna plo\u0161\u010dica kvalitetnega \u0160panskega proizvajalca Mainzu. Plo\u0161\u010dice v dimenziji 20 X 20 so dobavljive v barvah: white in black. Poleg osnovnih plo\u0161\u010dic pa seriji pripada tudi dekorativna plo\u0161\u010dica Bergamo. Plo\u0161\u010dice so primerne za vse notranje prostore. Lepo se podajo v hodnike, kuhinje, dnevne prostore&#8230;<\/p>\n<p>\u010ce \u017eelite naro\u010diti model iz pdf kataloga te kolekcije, nam pi\u0161ite na: <a href=\"mailto:keramoteka.salon@gmail.com\">keramoteka.salon@gmail.com<\/a> ali pa nas pokli\u010dite na: 031 255 900.<\/p>\n","protected":false},"excerpt":{"rendered":"<p>Talne plo\u0161\u010dice dimenzije 20 X 20.<\/p>\n","protected":false},"featured_media":112087,"template":"","meta":[],"product_cat":[200,220,230,9991370,240],"product_tag":[99921974,99950107,99950106,99950096],"_links":{"self":[{"href":"https:\/\/www.keramika.com\/slovenija\/wp-json\/wp\/v2\/product\/112086"}],"collection":[{"href":"https:\/\/www.keramika.com\/slovenija\/wp-json\/wp\/v2\/product"}],"about":[{"href":"https:\/\/www.keramika.com\/slovenija\/wp-json\/wp\/v2\/types\/product"}],"wp:featuredmedia":[{"embeddable":true,"href":"https:\/\/www.keramika.com\/slovenija\/wp-json\/wp\/v2\/media\/112087"}],"wp:attachment":[{"href":"https:\/\/www.keramika.com\/slovenija\/wp-json\/wp\/v2\/media?parent=112086"}],"wp:term":[{"taxonomy":"product_cat","embeddable":true,"href":"https:\/\/www.keramika.com\/slovenija\/wp-json\/wp\/v2\/product_cat?post=112086"},{"taxonomy":"product_tag","embeddable":true,"href":"https:\/\/www.keramika.com\/slovenija\/wp-json\/wp\/v2\/product_tag?post=112086"}],"curies":[{"name":"wp","href":"https:\/\/api.w.org\/{rel}","templated":true}]}}