{"id":112072,"date":"2018-12-05T10:03:52","date_gmt":"2018-12-05T10:03:52","guid":{"rendered":"http:\/\/www.ceramictiles.com\/slovenija\/?post_type=product&#038;p=112072"},"modified":"2019-04-10T10:54:45","modified_gmt":"2019-04-10T10:54:45","slug":"halcon-nival","status":"publish","type":"product","link":"https:\/\/www.keramika.com\/slovenija\/halcon-nival\/","title":{"rendered":"Halcon Nival"},"content":{"rendered":"<p>Nival je talna porcelan keramika kvalitetnega \u0160panskega proizvajalca Halcon Ceramicas. Keramika je dobavljiv v dimenzijah 60 X 120 in v barvag blanco ter gris. Projektna keramika je primerna tako ta notranje prostore kot tudi za zunanje povr\u0161ine. V trgovini bi za to plo\u0161\u010dico od\u0161teli 45,84 EUR v na\u0161i spletni prodajalni pa le 32,54 EUR.<\/p>\n<p>\u010ce \u017eelite naro\u010diti model iz pdf kataloga te kolekcije, nam pi\u0161ite na: <a href=\"mailto:keramoteka.salon@gmail.com\">keramoteka.salon@gmail.com<\/a> ali pa nas pokli\u010dite na: 031 255 900.<\/p>\n","protected":false},"excerpt":{"rendered":"<p>Porcelan ratificirana keramika dimenzije 60 X 120<\/p>\n","protected":false},"featured_media":112074,"template":"","meta":[],"product_cat":[99946,200,280,260,999,290,240,270],"product_tag":[99950099,99950095,99950104,99950096,99950093,99950101],"_links":{"self":[{"href":"https:\/\/www.keramika.com\/slovenija\/wp-json\/wp\/v2\/product\/112072"}],"collection":[{"href":"https:\/\/www.keramika.com\/slovenija\/wp-json\/wp\/v2\/product"}],"about":[{"href":"https:\/\/www.keramika.com\/slovenija\/wp-json\/wp\/v2\/types\/product"}],"wp:featuredmedia":[{"embeddable":true,"href":"https:\/\/www.keramika.com\/slovenija\/wp-json\/wp\/v2\/media\/112074"}],"wp:attachment":[{"href":"https:\/\/www.keramika.com\/slovenija\/wp-json\/wp\/v2\/media?parent=112072"}],"wp:term":[{"taxonomy":"product_cat","embeddable":true,"href":"https:\/\/www.keramika.com\/slovenija\/wp-json\/wp\/v2\/product_cat?post=112072"},{"taxonomy":"product_tag","embeddable":true,"href":"https:\/\/www.keramika.com\/slovenija\/wp-json\/wp\/v2\/product_tag?post=112072"}],"curies":[{"name":"wp","href":"https:\/\/api.w.org\/{rel}","templated":true}]}}