{"id":112066,"date":"2018-11-30T08:54:08","date_gmt":"2018-11-30T08:54:08","guid":{"rendered":"http:\/\/www.ceramictiles.com\/slovenija\/?post_type=product&#038;p=112066"},"modified":"2019-04-10T10:51:53","modified_gmt":"2019-04-10T10:51:53","slug":"emigres-trento","status":"publish","type":"product","link":"https:\/\/www.keramika.com\/slovenija\/emigres-trento\/","title":{"rendered":"Emigres Trento"},"content":{"rendered":"<p>Trento je talna porcelan plo\u0161\u010dica kvalitetnega \u0160panskega proizvajalca Emigres. Keramika v dimenzijah 120 X 60 je dobavljiva v treh barvah: Blanco, Gris in Crema. Plo\u0161\u010dice so primerne tako za notranje prostore kot tudi za zunanje povr\u0161ine. Plo\u0161\u010dice so ratificirane kar pomeni, da imajo lahko minimalne fuge glede na dimenzijo plo\u0161\u010dice.<\/p>\n<p>\u010ce \u017eelite naro\u010diti model te kolekcije, nam pi\u0161ite na: <a href=\"mailto:keramoteka.salon@gmail.com\">keramoteka.salon@gmail.com<\/a> ali pa nas pokli\u010dite na: 031 255 900.<\/p>\n","protected":false},"excerpt":{"rendered":"<p>Porcelan ratificirana keramika dimenzije 60 X 120<\/p>\n","protected":false},"featured_media":112067,"template":"","meta":[],"product_cat":[9991089,200,260,290,240,270],"product_tag":[99950105,99950099,99950095,99950104,99950103,99950093],"_links":{"self":[{"href":"https:\/\/www.keramika.com\/slovenija\/wp-json\/wp\/v2\/product\/112066"}],"collection":[{"href":"https:\/\/www.keramika.com\/slovenija\/wp-json\/wp\/v2\/product"}],"about":[{"href":"https:\/\/www.keramika.com\/slovenija\/wp-json\/wp\/v2\/types\/product"}],"wp:featuredmedia":[{"embeddable":true,"href":"https:\/\/www.keramika.com\/slovenija\/wp-json\/wp\/v2\/media\/112067"}],"wp:attachment":[{"href":"https:\/\/www.keramika.com\/slovenija\/wp-json\/wp\/v2\/media?parent=112066"}],"wp:term":[{"taxonomy":"product_cat","embeddable":true,"href":"https:\/\/www.keramika.com\/slovenija\/wp-json\/wp\/v2\/product_cat?post=112066"},{"taxonomy":"product_tag","embeddable":true,"href":"https:\/\/www.keramika.com\/slovenija\/wp-json\/wp\/v2\/product_tag?post=112066"}],"curies":[{"name":"wp","href":"https:\/\/api.w.org\/{rel}","templated":true}]}}