{"id":112063,"date":"2018-11-28T10:01:14","date_gmt":"2018-11-28T10:01:14","guid":{"rendered":"http:\/\/www.ceramictiles.com\/slovenija\/?post_type=product&#038;p=112063"},"modified":"2019-04-10T10:51:22","modified_gmt":"2019-04-10T10:51:22","slug":"halcon-durham","status":"publish","type":"product","link":"https:\/\/www.keramika.com\/slovenija\/halcon-durham\/","title":{"rendered":"Halcon Durham"},"content":{"rendered":"<p>Durham je talna precut porcelan keramika kvalitetnega \u0160panskega proizvajalca Halcon Ceramicas. Plo\u0161\u010dica je primerna tako za vse notranje prostore kot za vse zunanje povr\u0161ine. Na spletu boste za to plo\u0161\u010dico od\u0161teli le 27,48\u20ac medtem, ko v redni prodaji zna\u0161a 31,60\u20ac. Dimenzije te plo\u0161\u010dice so 45 X 45.<\/p>\n<p>\u010ce \u017eelite naro\u010diti model te kolekcije, nam pi\u0161ite na: <a href=\"mailto:keramoteka.salon@gmail.com\">keramoteka.salon@gmail.com<\/a> ali pa nas pokli\u010dite na: 031 255 900.<\/p>\n","protected":false},"excerpt":{"rendered":"<p>Precut plo\u0161\u010dica dimenzije 45 X 45.<\/p>\n","protected":false},"featured_media":112064,"template":"","meta":[],"product_cat":[99946,200,220,230,260,240,270],"product_tag":[99950097,99950102,99950099,99950095,99950100,99950098,99950096,99950101],"_links":{"self":[{"href":"https:\/\/www.keramika.com\/slovenija\/wp-json\/wp\/v2\/product\/112063"}],"collection":[{"href":"https:\/\/www.keramika.com\/slovenija\/wp-json\/wp\/v2\/product"}],"about":[{"href":"https:\/\/www.keramika.com\/slovenija\/wp-json\/wp\/v2\/types\/product"}],"wp:featuredmedia":[{"embeddable":true,"href":"https:\/\/www.keramika.com\/slovenija\/wp-json\/wp\/v2\/media\/112064"}],"wp:attachment":[{"href":"https:\/\/www.keramika.com\/slovenija\/wp-json\/wp\/v2\/media?parent=112063"}],"wp:term":[{"taxonomy":"product_cat","embeddable":true,"href":"https:\/\/www.keramika.com\/slovenija\/wp-json\/wp\/v2\/product_cat?post=112063"},{"taxonomy":"product_tag","embeddable":true,"href":"https:\/\/www.keramika.com\/slovenija\/wp-json\/wp\/v2\/product_tag?post=112063"}],"curies":[{"name":"wp","href":"https:\/\/api.w.org\/{rel}","templated":true}]}}