{"id":112047,"date":"2018-11-12T14:25:03","date_gmt":"2018-11-12T14:25:03","guid":{"rendered":"http:\/\/www.ceramictiles.com\/slovenija\/?post_type=product&#038;p=112047"},"modified":"2020-07-01T00:00:31","modified_gmt":"2020-07-01T00:00:31","slug":"cicogres-kalen","status":"publish","type":"product","link":"https:\/\/www.keramika.com\/slovenija\/cicogres-kalen\/","title":{"rendered":"Cicogres Kalen"},"content":{"rendered":"<p>To plo\u0161\u010dico je izdelal proizvajalec Cicogres, ki prihaja iz \u0160panije. Na spletu boste za to plo\u0161\u010dico od\u0161teli le 34,33 EUR, medtem, ko v redni prodaji zna\u0161a 39,48 EUR. Plo\u0161\u010dica je debela 10 mm in je zelo trpe\u017ena. Dimenzije te plo\u0161\u010dice so 75 x 75 cm.<\/p>\n<p>\u010ce \u017eelite naro\u010diti model te kolekcije, nam pi\u0161ite na: <a href=\"mailto:keramoteka.salon@gmail.com\">keramoteka.salon@gmail.com<\/a> ali pa nas pokli\u010dite na: 031 255 900.<\/p>\n","protected":false},"excerpt":{"rendered":"<p>Plo\u0161\u010dice v imitaciji betona debeline 10 mm.<\/p>\n<p>Velikost 75 x 75 cm.<\/p>\n","protected":false},"featured_media":112053,"template":"","meta":[],"product_cat":[999964,200,280,260,290,240,270],"product_tag":[99950094,99921975,99950095,99950096,99950093],"_links":{"self":[{"href":"https:\/\/www.keramika.com\/slovenija\/wp-json\/wp\/v2\/product\/112047"}],"collection":[{"href":"https:\/\/www.keramika.com\/slovenija\/wp-json\/wp\/v2\/product"}],"about":[{"href":"https:\/\/www.keramika.com\/slovenija\/wp-json\/wp\/v2\/types\/product"}],"wp:featuredmedia":[{"embeddable":true,"href":"https:\/\/www.keramika.com\/slovenija\/wp-json\/wp\/v2\/media\/112053"}],"wp:attachment":[{"href":"https:\/\/www.keramika.com\/slovenija\/wp-json\/wp\/v2\/media?parent=112047"}],"wp:term":[{"taxonomy":"product_cat","embeddable":true,"href":"https:\/\/www.keramika.com\/slovenija\/wp-json\/wp\/v2\/product_cat?post=112047"},{"taxonomy":"product_tag","embeddable":true,"href":"https:\/\/www.keramika.com\/slovenija\/wp-json\/wp\/v2\/product_tag?post=112047"}],"curies":[{"name":"wp","href":"https:\/\/api.w.org\/{rel}","templated":true}]}}