{"id":109661,"date":"2017-03-23T04:17:23","date_gmt":"2017-03-23T04:17:23","guid":{"rendered":"http:\/\/keramika.holest.com\/slovenija\/product\/silk-d-opt-ta\/"},"modified":"2017-03-27T19:19:07","modified_gmt":"2017-03-27T19:19:07","slug":"silk-d-opt-ta","status":"publish","type":"product","link":"https:\/\/www.keramika.com\/slovenija\/silk-d-opt-ta\/","title":{"rendered":"Silk D Opt Ta"},"content":{"rendered":"<p>To plo\u0161\u010dico je izdelal proizvajalec Tonalite, ki prihaja iz Italije. Plo\u0161\u010dica je debela kar 8 mm, kar jo uvr\u0161\u010da med bolj trde plo\u0161\u010dice. \u0160irina in dol\u017eina te plo\u0161\u010dice sta 15&#215;15 cm. Zelo moderna plo\u0161\u010dica v sivi barvi popestri prav vsak prostor.<\/p>\n<p>Kliknite na ime kolekcije za ogled vseh plo\u0161\u010dic iz te serije: <a class=\"pdfcatal\" href=\"\/\/www.ceramictiles.com\/pdf\/tonalite\/silk.pdf\" onclick=\"recordOutboundLink(this, 'E-mail', 'Description PDF');return false;\">Tonalite Silk<\/a><\/p>\n<p>\u010ce \u017eelite naro\u010diti model iz pdf kataloga te kolekcije, nam pi\u0161ite na: <a href=\"mailto:keramoteka.salon@gmail.com\" onclick=\"recordOutboundLink(this, 'E-mail', 'Description mail');return false;\">keramoteka.salon@gmail.com<\/a> ali pa nas pokli\u010dite na: +386 31 255 900.<\/p>\n<p>Technical description: 15&#215;15 cm; 7,5&#215;15 cm; 10&#215;30 cm<\/p>\n","protected":false},"excerpt":{"rendered":"<p>To plo\u0161\u010dico je izdelal proizvajalec Tonalite, ki prihaja iz Italije. Plo\u0161\u010dica je debela kar 8 mm, kar jo uvr\u0161\u010da med bolj trde plo\u0161\u010dice. \u0160irina in dol\u017eina te plo\u0161\u010dice sta 15&#215;15 cm. Zelo moderna plo\u0161\u010dica v sivi barvi popestri prav vsak prostor. Kliknite na ime kolekcije za ogled vseh plo\u0161\u010dic iz te serije: Tonalite Silk \u010ce [&hellip;]<\/p>\n","protected":false},"featured_media":109662,"template":"","meta":[],"product_cat":[200,230,999,250,9991048],"product_tag":[],"_links":{"self":[{"href":"https:\/\/www.keramika.com\/slovenija\/wp-json\/wp\/v2\/product\/109661"}],"collection":[{"href":"https:\/\/www.keramika.com\/slovenija\/wp-json\/wp\/v2\/product"}],"about":[{"href":"https:\/\/www.keramika.com\/slovenija\/wp-json\/wp\/v2\/types\/product"}],"wp:featuredmedia":[{"embeddable":true,"href":"https:\/\/www.keramika.com\/slovenija\/wp-json\/wp\/v2\/media\/109662"}],"wp:attachment":[{"href":"https:\/\/www.keramika.com\/slovenija\/wp-json\/wp\/v2\/media?parent=109661"}],"wp:term":[{"taxonomy":"product_cat","embeddable":true,"href":"https:\/\/www.keramika.com\/slovenija\/wp-json\/wp\/v2\/product_cat?post=109661"},{"taxonomy":"product_tag","embeddable":true,"href":"https:\/\/www.keramika.com\/slovenija\/wp-json\/wp\/v2\/product_tag?post=109661"}],"curies":[{"name":"wp","href":"https:\/\/api.w.org\/{rel}","templated":true}]}}