{"id":109639,"date":"2017-03-23T04:16:05","date_gmt":"2017-03-23T04:16:05","guid":{"rendered":"http:\/\/keramika.holest.com\/slovenija\/product\/silk-d-mer-ar\/"},"modified":"2017-03-27T19:19:52","modified_gmt":"2017-03-27T19:19:52","slug":"silk-d-mer-ar","status":"publish","type":"product","link":"https:\/\/www.keramika.com\/slovenija\/silk-d-mer-ar\/","title":{"rendered":"Silk D Mer Ar"},"content":{"rendered":"<p>Letos so plo\u0161\u010dice v beli barvi zelo za\u017eeljene. Silk D Mer Ar je plo\u0161\u010dica proizvajalca Tonalite in prihaja iz Italije. Debelina kar 8 mm dela to plo\u0161\u010dico zelo trpe\u017eno in presti\u017eno na otip. Dimenzije te plo\u0161\u010dice so 15&#215;15 cm.<\/p>\n<p>Kliknite na ime kolekcije za ogled vseh plo\u0161\u010dic iz te serije: <a class=\"pdfcatal\" href=\"\/\/www.ceramictiles.com\/pdf\/tonalite\/silk.pdf\" onclick=\"recordOutboundLink(this, 'E-mail', 'Description PDF');return false;\">Tonalite Silk<\/a><\/p>\n<p>\u010ce \u017eelite naro\u010diti model iz pdf kataloga te kolekcije, nam pi\u0161ite na: <a href=\"mailto:keramoteka.salon@gmail.com\" onclick=\"recordOutboundLink(this, 'E-mail', 'Description mail');return false;\">keramoteka.salon@gmail.com<\/a> ali pa nas pokli\u010dite na: +386 31 255 900.<\/p>\n<p>Technical description: 15&#215;15 cm; 7,5&#215;15 cm; 10&#215;30 cm<\/p>\n","protected":false},"excerpt":{"rendered":"<p>Letos so plo\u0161\u010dice v beli barvi zelo za\u017eeljene. Silk D Mer Ar je plo\u0161\u010dica proizvajalca Tonalite in prihaja iz Italije. Debelina kar 8 mm dela to plo\u0161\u010dico zelo trpe\u017eno in presti\u017eno na otip. Dimenzije te plo\u0161\u010dice so 15&#215;15 cm. Kliknite na ime kolekcije za ogled vseh plo\u0161\u010dic iz te serije: Tonalite Silk \u010ce \u017eelite naro\u010diti [&hellip;]<\/p>\n","protected":false},"featured_media":109640,"template":"","meta":[],"product_cat":[200,230,999,250,9991048],"product_tag":[],"_links":{"self":[{"href":"https:\/\/www.keramika.com\/slovenija\/wp-json\/wp\/v2\/product\/109639"}],"collection":[{"href":"https:\/\/www.keramika.com\/slovenija\/wp-json\/wp\/v2\/product"}],"about":[{"href":"https:\/\/www.keramika.com\/slovenija\/wp-json\/wp\/v2\/types\/product"}],"wp:featuredmedia":[{"embeddable":true,"href":"https:\/\/www.keramika.com\/slovenija\/wp-json\/wp\/v2\/media\/109640"}],"wp:attachment":[{"href":"https:\/\/www.keramika.com\/slovenija\/wp-json\/wp\/v2\/media?parent=109639"}],"wp:term":[{"taxonomy":"product_cat","embeddable":true,"href":"https:\/\/www.keramika.com\/slovenija\/wp-json\/wp\/v2\/product_cat?post=109639"},{"taxonomy":"product_tag","embeddable":true,"href":"https:\/\/www.keramika.com\/slovenija\/wp-json\/wp\/v2\/product_tag?post=109639"}],"curies":[{"name":"wp","href":"https:\/\/api.w.org\/{rel}","templated":true}]}}