{"id":109541,"date":"2017-03-23T04:10:28","date_gmt":"2017-03-23T04:10:28","guid":{"rendered":"http:\/\/keramika.holest.com\/slovenija\/product\/silk-430di\/"},"modified":"2017-03-27T19:23:42","modified_gmt":"2017-03-27T19:23:42","slug":"silk-430di","status":"publish","type":"product","link":"https:\/\/www.keramika.com\/slovenija\/silk-430di\/","title":{"rendered":"Silk 430Di"},"content":{"rendered":"<p>Pri izbiri plo\u0161\u010dice v beli barvi ne morete zgre\u0161iti. 8 mm je debelina, ki zadovolji tudi zahtevnej\u0161e kupce. Velikost te plo\u0161\u010dice je 15&#215;15 cm in je primerna za razli\u010dne povr\u0161ine. Silk 430Di je plo\u0161\u010dica proizvajalca Tonalite in prihaja iz Italije.<\/p>\n<p>Kliknite na ime kolekcije za ogled vseh plo\u0161\u010dic iz te serije: <a class=\"pdfcatal\" href=\"\/\/www.ceramictiles.com\/pdf\/tonalite\/silk.pdf\" onclick=\"recordOutboundLink(this, 'E-mail', 'Description PDF');return false;\">Tonalite Silk<\/a><\/p>\n<p>\u010ce \u017eelite naro\u010diti model iz pdf kataloga te kolekcije, nam pi\u0161ite na: <a href=\"mailto:keramoteka.salon@gmail.com\" onclick=\"recordOutboundLink(this, 'E-mail', 'Description mail');return false;\">keramoteka.salon@gmail.com<\/a> ali pa nas pokli\u010dite na: +386 31 255 900.<\/p>\n<p>Technical description: 15&#215;15 cm; 7,5&#215;15 cm; 10&#215;30 cm<\/p>\n","protected":false},"excerpt":{"rendered":"<p>Pri izbiri plo\u0161\u010dice v beli barvi ne morete zgre\u0161iti. 8 mm je debelina, ki zadovolji tudi zahtevnej\u0161e kupce. Velikost te plo\u0161\u010dice je 15&#215;15 cm in je primerna za razli\u010dne povr\u0161ine. Silk 430Di je plo\u0161\u010dica proizvajalca Tonalite in prihaja iz Italije. Kliknite na ime kolekcije za ogled vseh plo\u0161\u010dic iz te serije: Tonalite Silk \u010ce \u017eelite [&hellip;]<\/p>\n","protected":false},"featured_media":109542,"template":"","meta":[],"product_cat":[200,230,999,250,9991048],"product_tag":[],"_links":{"self":[{"href":"https:\/\/www.keramika.com\/slovenija\/wp-json\/wp\/v2\/product\/109541"}],"collection":[{"href":"https:\/\/www.keramika.com\/slovenija\/wp-json\/wp\/v2\/product"}],"about":[{"href":"https:\/\/www.keramika.com\/slovenija\/wp-json\/wp\/v2\/types\/product"}],"wp:featuredmedia":[{"embeddable":true,"href":"https:\/\/www.keramika.com\/slovenija\/wp-json\/wp\/v2\/media\/109542"}],"wp:attachment":[{"href":"https:\/\/www.keramika.com\/slovenija\/wp-json\/wp\/v2\/media?parent=109541"}],"wp:term":[{"taxonomy":"product_cat","embeddable":true,"href":"https:\/\/www.keramika.com\/slovenija\/wp-json\/wp\/v2\/product_cat?post=109541"},{"taxonomy":"product_tag","embeddable":true,"href":"https:\/\/www.keramika.com\/slovenija\/wp-json\/wp\/v2\/product_tag?post=109541"}],"curies":[{"name":"wp","href":"https:\/\/api.w.org\/{rel}","templated":true}]}}