{"id":109507,"date":"2017-03-23T04:08:05","date_gmt":"2017-03-23T04:08:05","guid":{"rendered":"http:\/\/keramika.holest.com\/slovenija\/product\/silk-1630\/"},"modified":"2017-03-27T19:24:57","modified_gmt":"2017-03-27T19:24:57","slug":"silk-1630","status":"publish","type":"product","link":"https:\/\/www.keramika.com\/slovenija\/silk-1630\/","title":{"rendered":"Silk 1630"},"content":{"rendered":"<p>Dimenzije te plo\u0161\u010dice so 15&#215;15 cm. Silk 1630 je pripeljana iz Italije in je zelo kvalitetna. Debelina plo\u0161\u010dice je zelo pomembna in 8 mm uvr\u0161\u010da to plo\u0161\u010dico med najkvalitetnej\u0161e. Pri izbiri plo\u0161\u010dice v beli barvi ne morete zgre\u0161iti.<\/p>\n<p>Kliknite na ime kolekcije za ogled vseh plo\u0161\u010dic iz te serije: <a class=\"pdfcatal\" href=\"\/\/www.ceramictiles.com\/pdf\/tonalite\/silk.pdf\" onclick=\"recordOutboundLink(this, 'E-mail', 'Description PDF');return false;\">Tonalite Silk<\/a><\/p>\n<p>\u010ce \u017eelite naro\u010diti model iz pdf kataloga te kolekcije, nam pi\u0161ite na: <a href=\"mailto:keramoteka.salon@gmail.com\" onclick=\"recordOutboundLink(this, 'E-mail', 'Description mail');return false;\">keramoteka.salon@gmail.com<\/a> ali pa nas pokli\u010dite na: +386 31 255 900.<\/p>\n<p>Technical description: 15&#215;15 cm; 7,5&#215;15 cm; 10&#215;30 cm<\/p>\n","protected":false},"excerpt":{"rendered":"<p>Dimenzije te plo\u0161\u010dice so 15&#215;15 cm. Silk 1630 je pripeljana iz Italije in je zelo kvalitetna. Debelina plo\u0161\u010dice je zelo pomembna in 8 mm uvr\u0161\u010da to plo\u0161\u010dico med najkvalitetnej\u0161e. Pri izbiri plo\u0161\u010dice v beli barvi ne morete zgre\u0161iti. Kliknite na ime kolekcije za ogled vseh plo\u0161\u010dic iz te serije: Tonalite Silk \u010ce \u017eelite naro\u010diti model [&hellip;]<\/p>\n","protected":false},"featured_media":109508,"template":"","meta":[],"product_cat":[200,230,999,250,9991048],"product_tag":[],"_links":{"self":[{"href":"https:\/\/www.keramika.com\/slovenija\/wp-json\/wp\/v2\/product\/109507"}],"collection":[{"href":"https:\/\/www.keramika.com\/slovenija\/wp-json\/wp\/v2\/product"}],"about":[{"href":"https:\/\/www.keramika.com\/slovenija\/wp-json\/wp\/v2\/types\/product"}],"wp:featuredmedia":[{"embeddable":true,"href":"https:\/\/www.keramika.com\/slovenija\/wp-json\/wp\/v2\/media\/109508"}],"wp:attachment":[{"href":"https:\/\/www.keramika.com\/slovenija\/wp-json\/wp\/v2\/media?parent=109507"}],"wp:term":[{"taxonomy":"product_cat","embeddable":true,"href":"https:\/\/www.keramika.com\/slovenija\/wp-json\/wp\/v2\/product_cat?post=109507"},{"taxonomy":"product_tag","embeddable":true,"href":"https:\/\/www.keramika.com\/slovenija\/wp-json\/wp\/v2\/product_tag?post=109507"}],"curies":[{"name":"wp","href":"https:\/\/api.w.org\/{rel}","templated":true}]}}