{"id":109505,"date":"2017-03-23T04:07:57","date_gmt":"2017-03-23T04:07:57","guid":{"rendered":"http:\/\/keramika.holest.com\/slovenija\/product\/satin-mos-4679\/"},"modified":"2017-03-27T19:25:02","modified_gmt":"2017-03-27T19:25:02","slug":"satin-mos-4679","status":"publish","type":"product","link":"https:\/\/www.keramika.com\/slovenija\/satin-mos-4679\/","title":{"rendered":"Satin Mos 4679"},"content":{"rendered":"<p>Plo\u0161\u010dica na sliki je velika 7,5&#215;15 cm. Plo\u0161\u010dica je debela kar 8 mm, kar jo uvr\u0161\u010da med bolj trde plo\u0161\u010dice. Ta model plo\u0161\u010dice se najbolje prodaja v \u010drni barvi. To plo\u0161\u010dico je izdelal proizvajalec Tonalite, ki prihaja iz Italije.<\/p>\n<p>Kliknite na ime kolekcije za ogled vseh plo\u0161\u010dic iz te serije: <a class=\"pdfcatal\" href=\"\/\/www.ceramictiles.com\/pdf\/tonalite\/satin.pdf\" onclick=\"recordOutboundLink(this, 'E-mail', 'Description PDF');return false;\">Tonalite Satin<\/a><\/p>\n<p>\u010ce \u017eelite naro\u010diti model iz pdf kataloga te kolekcije, nam pi\u0161ite na: <a href=\"mailto:keramoteka.salon@gmail.com\" onclick=\"recordOutboundLink(this, 'E-mail', 'Description mail');return false;\">keramoteka.salon@gmail.com<\/a> ali pa nas pokli\u010dite na: +386 31 255 900.<\/p>\n<p>Technical description: 15&#215;15 cm; 7,5&#215;15 cm; 10&#215;30 cm<\/p>\n","protected":false},"excerpt":{"rendered":"<p>Plo\u0161\u010dica na sliki je velika 7,5&#215;15 cm. Plo\u0161\u010dica je debela kar 8 mm, kar jo uvr\u0161\u010da med bolj trde plo\u0161\u010dice. Ta model plo\u0161\u010dice se najbolje prodaja v \u010drni barvi. To plo\u0161\u010dico je izdelal proizvajalec Tonalite, ki prihaja iz Italije. Kliknite na ime kolekcije za ogled vseh plo\u0161\u010dic iz te serije: Tonalite Satin \u010ce \u017eelite naro\u010diti [&hellip;]<\/p>\n","protected":false},"featured_media":109506,"template":"","meta":[],"product_cat":[200,230,999,250,9991048],"product_tag":[],"_links":{"self":[{"href":"https:\/\/www.keramika.com\/slovenija\/wp-json\/wp\/v2\/product\/109505"}],"collection":[{"href":"https:\/\/www.keramika.com\/slovenija\/wp-json\/wp\/v2\/product"}],"about":[{"href":"https:\/\/www.keramika.com\/slovenija\/wp-json\/wp\/v2\/types\/product"}],"wp:featuredmedia":[{"embeddable":true,"href":"https:\/\/www.keramika.com\/slovenija\/wp-json\/wp\/v2\/media\/109506"}],"wp:attachment":[{"href":"https:\/\/www.keramika.com\/slovenija\/wp-json\/wp\/v2\/media?parent=109505"}],"wp:term":[{"taxonomy":"product_cat","embeddable":true,"href":"https:\/\/www.keramika.com\/slovenija\/wp-json\/wp\/v2\/product_cat?post=109505"},{"taxonomy":"product_tag","embeddable":true,"href":"https:\/\/www.keramika.com\/slovenija\/wp-json\/wp\/v2\/product_tag?post=109505"}],"curies":[{"name":"wp","href":"https:\/\/api.w.org\/{rel}","templated":true}]}}