{"id":109461,"date":"2017-03-23T04:05:15","date_gmt":"2017-03-23T04:05:15","guid":{"rendered":"http:\/\/keramika.holest.com\/slovenija\/product\/satin-fr-cre-pe\/"},"modified":"2017-03-27T19:26:28","modified_gmt":"2017-03-27T19:26:28","slug":"satin-fr-cre-pe","status":"publish","type":"product","link":"https:\/\/www.keramika.com\/slovenija\/satin-fr-cre-pe\/","title":{"rendered":"Satin Fr Cre Pe"},"content":{"rendered":"<p>Satin Fr Cre Pe je plo\u0161\u010dica proizvajalca Tonalite in prihaja iz Italije. 8 mm je debelina, ki zadovolji tudi zahtevnej\u0161e kupce. Ta model plo\u0161\u010dice se najbolje prodaja v \u010drni barvi. Z 7,5&#215;15 cm je ta plo\u0161\u010dica primerna za razli\u010dne podlage.<\/p>\n<p>Kliknite na ime kolekcije za ogled vseh plo\u0161\u010dic iz te serije: <a class=\"pdfcatal\" href=\"\/\/www.ceramictiles.com\/pdf\/tonalite\/satin.pdf\" onclick=\"recordOutboundLink(this, 'E-mail', 'Description PDF');return false;\">Tonalite Satin<\/a><\/p>\n<p>\u010ce \u017eelite naro\u010diti model iz pdf kataloga te kolekcije, nam pi\u0161ite na: <a href=\"mailto:keramoteka.salon@gmail.com\" onclick=\"recordOutboundLink(this, 'E-mail', 'Description mail');return false;\">keramoteka.salon@gmail.com<\/a> ali pa nas pokli\u010dite na: +386 31 255 900.<\/p>\n<p>Technical description: 15&#215;15 cm; 7,5&#215;15 cm; 10&#215;30 cm<\/p>\n","protected":false},"excerpt":{"rendered":"<p>Satin Fr Cre Pe je plo\u0161\u010dica proizvajalca Tonalite in prihaja iz Italije. 8 mm je debelina, ki zadovolji tudi zahtevnej\u0161e kupce. Ta model plo\u0161\u010dice se najbolje prodaja v \u010drni barvi. Z 7,5&#215;15 cm je ta plo\u0161\u010dica primerna za razli\u010dne podlage. Kliknite na ime kolekcije za ogled vseh plo\u0161\u010dic iz te serije: Tonalite Satin \u010ce \u017eelite [&hellip;]<\/p>\n","protected":false},"featured_media":109462,"template":"","meta":[],"product_cat":[200,230,999,250,9991048],"product_tag":[],"_links":{"self":[{"href":"https:\/\/www.keramika.com\/slovenija\/wp-json\/wp\/v2\/product\/109461"}],"collection":[{"href":"https:\/\/www.keramika.com\/slovenija\/wp-json\/wp\/v2\/product"}],"about":[{"href":"https:\/\/www.keramika.com\/slovenija\/wp-json\/wp\/v2\/types\/product"}],"wp:featuredmedia":[{"embeddable":true,"href":"https:\/\/www.keramika.com\/slovenija\/wp-json\/wp\/v2\/media\/109462"}],"wp:attachment":[{"href":"https:\/\/www.keramika.com\/slovenija\/wp-json\/wp\/v2\/media?parent=109461"}],"wp:term":[{"taxonomy":"product_cat","embeddable":true,"href":"https:\/\/www.keramika.com\/slovenija\/wp-json\/wp\/v2\/product_cat?post=109461"},{"taxonomy":"product_tag","embeddable":true,"href":"https:\/\/www.keramika.com\/slovenija\/wp-json\/wp\/v2\/product_tag?post=109461"}],"curies":[{"name":"wp","href":"https:\/\/api.w.org\/{rel}","templated":true}]}}