{"id":109443,"date":"2017-03-23T04:04:17","date_gmt":"2017-03-23T04:04:17","guid":{"rendered":"http:\/\/keramika.holest.com\/slovenija\/product\/satin-77679\/"},"modified":"2017-03-27T19:27:04","modified_gmt":"2017-03-27T19:27:04","slug":"satin-77679","status":"publish","type":"product","link":"https:\/\/www.keramika.com\/slovenija\/satin-77679\/","title":{"rendered":"Satin 77679"},"content":{"rendered":"<p>Debelina plo\u0161\u010dice je zelo pomembna in 8 mm uvr\u0161\u010da to plo\u0161\u010dico med najkvalitetnej\u0161e. Keramika v \u010drni barvi popestri vsak prostor. Satin 77679 je plo\u0161\u010dica proizvajalca Tonalite in prihaja iz Italije. Z 7,5&#215;15 cm je ta plo\u0161\u010dica primerna za razli\u010dne podlage.<\/p>\n<p>Kliknite na ime kolekcije za ogled vseh plo\u0161\u010dic iz te serije: <a class=\"pdfcatal\" href=\"\/\/www.ceramictiles.com\/pdf\/tonalite\/satin.pdf\" onclick=\"recordOutboundLink(this, 'E-mail', 'Description PDF');return false;\">Tonalite Satin<\/a><\/p>\n<p>\u010ce \u017eelite naro\u010diti model iz pdf kataloga te kolekcije, nam pi\u0161ite na: <a href=\"mailto:keramoteka.salon@gmail.com\" onclick=\"recordOutboundLink(this, 'E-mail', 'Description mail');return false;\">keramoteka.salon@gmail.com<\/a> ali pa nas pokli\u010dite na: +386 31 255 900.<\/p>\n<p>Technical description: 15&#215;15 cm; 7,5&#215;15 cm; 10&#215;30 cm<\/p>\n","protected":false},"excerpt":{"rendered":"<p>Debelina plo\u0161\u010dice je zelo pomembna in 8 mm uvr\u0161\u010da to plo\u0161\u010dico med najkvalitetnej\u0161e. Keramika v \u010drni barvi popestri vsak prostor. Satin 77679 je plo\u0161\u010dica proizvajalca Tonalite in prihaja iz Italije. Z 7,5&#215;15 cm je ta plo\u0161\u010dica primerna za razli\u010dne podlage. Kliknite na ime kolekcije za ogled vseh plo\u0161\u010dic iz te serije: Tonalite Satin \u010ce \u017eelite [&hellip;]<\/p>\n","protected":false},"featured_media":109444,"template":"","meta":[],"product_cat":[200,230,999,250,9991048],"product_tag":[],"_links":{"self":[{"href":"https:\/\/www.keramika.com\/slovenija\/wp-json\/wp\/v2\/product\/109443"}],"collection":[{"href":"https:\/\/www.keramika.com\/slovenija\/wp-json\/wp\/v2\/product"}],"about":[{"href":"https:\/\/www.keramika.com\/slovenija\/wp-json\/wp\/v2\/types\/product"}],"wp:featuredmedia":[{"embeddable":true,"href":"https:\/\/www.keramika.com\/slovenija\/wp-json\/wp\/v2\/media\/109444"}],"wp:attachment":[{"href":"https:\/\/www.keramika.com\/slovenija\/wp-json\/wp\/v2\/media?parent=109443"}],"wp:term":[{"taxonomy":"product_cat","embeddable":true,"href":"https:\/\/www.keramika.com\/slovenija\/wp-json\/wp\/v2\/product_cat?post=109443"},{"taxonomy":"product_tag","embeddable":true,"href":"https:\/\/www.keramika.com\/slovenija\/wp-json\/wp\/v2\/product_tag?post=109443"}],"curies":[{"name":"wp","href":"https:\/\/api.w.org\/{rel}","templated":true}]}}