{"id":109405,"date":"2017-03-23T04:02:07","date_gmt":"2017-03-23T04:02:07","guid":{"rendered":"http:\/\/keramika.holest.com\/slovenija\/product\/satin-4675\/"},"modified":"2017-03-27T19:28:34","modified_gmt":"2017-03-27T19:28:34","slug":"satin-4675","status":"publish","type":"product","link":"https:\/\/www.keramika.com\/slovenija\/satin-4675\/","title":{"rendered":"Satin 4675"},"content":{"rendered":"<p>Plo\u0161\u010dica je debela kar 8 mm, kar jo uvr\u0161\u010da med bolj trde plo\u0161\u010dice. Z 7,5&#215;15 cm je ta plo\u0161\u010dica primerna za razli\u010dne podlage. Pri izbiri plo\u0161\u010dice v be\u017e barvi ne morete zgre\u0161iti. To plo\u0161\u010dico je izdelal proizvajalec Tonalite, ki prihaja iz Italije.<\/p>\n<p>Kliknite na ime kolekcije za ogled vseh plo\u0161\u010dic iz te serije: <a class=\"pdfcatal\" href=\"\/\/www.ceramictiles.com\/pdf\/tonalite\/satin.pdf\" onclick=\"recordOutboundLink(this, 'E-mail', 'Description PDF');return false;\">Tonalite Satin<\/a><\/p>\n<p>\u010ce \u017eelite naro\u010diti model iz pdf kataloga te kolekcije, nam pi\u0161ite na: <a href=\"mailto:keramoteka.salon@gmail.com\" onclick=\"recordOutboundLink(this, 'E-mail', 'Description mail');return false;\">keramoteka.salon@gmail.com<\/a> ali pa nas pokli\u010dite na: +386 31 255 900.<\/p>\n<p>Technical description: 15&#215;15 cm; 7,5&#215;15 cm; 10&#215;30 cm<\/p>\n","protected":false},"excerpt":{"rendered":"<p>Plo\u0161\u010dica je debela kar 8 mm, kar jo uvr\u0161\u010da med bolj trde plo\u0161\u010dice. Z 7,5&#215;15 cm je ta plo\u0161\u010dica primerna za razli\u010dne podlage. Pri izbiri plo\u0161\u010dice v be\u017e barvi ne morete zgre\u0161iti. To plo\u0161\u010dico je izdelal proizvajalec Tonalite, ki prihaja iz Italije. Kliknite na ime kolekcije za ogled vseh plo\u0161\u010dic iz te serije: Tonalite Satin [&hellip;]<\/p>\n","protected":false},"featured_media":109406,"template":"","meta":[],"product_cat":[200,230,999,250,9991048],"product_tag":[],"_links":{"self":[{"href":"https:\/\/www.keramika.com\/slovenija\/wp-json\/wp\/v2\/product\/109405"}],"collection":[{"href":"https:\/\/www.keramika.com\/slovenija\/wp-json\/wp\/v2\/product"}],"about":[{"href":"https:\/\/www.keramika.com\/slovenija\/wp-json\/wp\/v2\/types\/product"}],"wp:featuredmedia":[{"embeddable":true,"href":"https:\/\/www.keramika.com\/slovenija\/wp-json\/wp\/v2\/media\/109406"}],"wp:attachment":[{"href":"https:\/\/www.keramika.com\/slovenija\/wp-json\/wp\/v2\/media?parent=109405"}],"wp:term":[{"taxonomy":"product_cat","embeddable":true,"href":"https:\/\/www.keramika.com\/slovenija\/wp-json\/wp\/v2\/product_cat?post=109405"},{"taxonomy":"product_tag","embeddable":true,"href":"https:\/\/www.keramika.com\/slovenija\/wp-json\/wp\/v2\/product_tag?post=109405"}],"curies":[{"name":"wp","href":"https:\/\/api.w.org\/{rel}","templated":true}]}}