{"id":109331,"date":"2017-03-23T03:57:21","date_gmt":"2017-03-23T03:57:21","guid":{"rendered":"http:\/\/keramika.holest.com\/slovenija\/product\/provenzale-d-bou-bo\/"},"modified":"2017-03-27T19:31:36","modified_gmt":"2017-03-27T19:31:36","slug":"provenzale-d-bou-bo","status":"publish","type":"product","link":"https:\/\/www.keramika.com\/slovenija\/provenzale-d-bou-bo\/","title":{"rendered":"Provenzale D Bou Bo"},"content":{"rendered":"<p>Ta plo\u0161\u010dica prihaja iz Italije, ki je znana po kvalitetni keramiki. Z 15&#215;15 cm je ta plo\u0161\u010dica primerna za razli\u010dne podlage. Ta model plo\u0161\u010dice se najbolje prodaja v beli barvi. Debelina kar 8 mm dela to plo\u0161\u010dico zelo trpe\u017eno in presti\u017eno na otip.<\/p>\n<p>Kliknite na ime kolekcije za ogled vseh plo\u0161\u010dic iz te serije: <a class=\"pdfcatal\" href=\"\/\/www.ceramictiles.com\/pdf\/tonalite\/provenzale.pdf\" onclick=\"recordOutboundLink(this, 'E-mail', 'Description PDF');return false;\">Tonalite Provenzale<\/a><\/p>\n<p>\u010ce \u017eelite naro\u010diti model iz pdf kataloga te kolekcije, nam pi\u0161ite na: <a href=\"mailto:keramoteka.salon@gmail.com\" onclick=\"recordOutboundLink(this, 'E-mail', 'Description mail');return false;\">keramoteka.salon@gmail.com<\/a> ali pa nas pokli\u010dite na: +386 31 255 900.<\/p>\n<p>Technical description: 15&#215;15 cm; 30&#215;30 cm<\/p>\n","protected":false},"excerpt":{"rendered":"<p>Ta plo\u0161\u010dica prihaja iz Italije, ki je znana po kvalitetni keramiki. Z 15&#215;15 cm je ta plo\u0161\u010dica primerna za razli\u010dne podlage. Ta model plo\u0161\u010dice se najbolje prodaja v beli barvi. Debelina kar 8 mm dela to plo\u0161\u010dico zelo trpe\u017eno in presti\u017eno na otip. Kliknite na ime kolekcije za ogled vseh plo\u0161\u010dic iz te serije: Tonalite [&hellip;]<\/p>\n","protected":false},"featured_media":109332,"template":"","meta":[],"product_cat":[200,230,999,250,9991048],"product_tag":[],"_links":{"self":[{"href":"https:\/\/www.keramika.com\/slovenija\/wp-json\/wp\/v2\/product\/109331"}],"collection":[{"href":"https:\/\/www.keramika.com\/slovenija\/wp-json\/wp\/v2\/product"}],"about":[{"href":"https:\/\/www.keramika.com\/slovenija\/wp-json\/wp\/v2\/types\/product"}],"wp:featuredmedia":[{"embeddable":true,"href":"https:\/\/www.keramika.com\/slovenija\/wp-json\/wp\/v2\/media\/109332"}],"wp:attachment":[{"href":"https:\/\/www.keramika.com\/slovenija\/wp-json\/wp\/v2\/media?parent=109331"}],"wp:term":[{"taxonomy":"product_cat","embeddable":true,"href":"https:\/\/www.keramika.com\/slovenija\/wp-json\/wp\/v2\/product_cat?post=109331"},{"taxonomy":"product_tag","embeddable":true,"href":"https:\/\/www.keramika.com\/slovenija\/wp-json\/wp\/v2\/product_tag?post=109331"}],"curies":[{"name":"wp","href":"https:\/\/api.w.org\/{rel}","templated":true}]}}