{"id":109273,"date":"2017-03-23T03:53:29","date_gmt":"2017-03-23T03:53:29","guid":{"rendered":"http:\/\/keramika.holest.com\/slovenija\/product\/provenzale-3300\/"},"modified":"2017-03-27T19:35:46","modified_gmt":"2017-03-27T19:35:46","slug":"provenzale-3300","status":"publish","type":"product","link":"https:\/\/www.keramika.com\/slovenija\/provenzale-3300\/","title":{"rendered":"Provenzale 3300"},"content":{"rendered":"<p>Dimenzije te plo\u0161\u010dice so 15&#215;15 cm. Debelina kar 8 mm dela to plo\u0161\u010dico zelo trpe\u017eno in presti\u017eno na otip. Ta model plo\u0161\u010dice se najbolje prodaja v beli barvi. Provenzale 3300 je plo\u0161\u010dica proizvajalca Tonalite in prihaja iz Italije.<\/p>\n<p>Kliknite na ime kolekcije za ogled vseh plo\u0161\u010dic iz te serije: <a class=\"pdfcatal\" href=\"\/\/www.ceramictiles.com\/pdf\/tonalite\/provenzale.pdf\" onclick=\"recordOutboundLink(this, 'E-mail', 'Description PDF');return false;\">Tonalite Provenzale<\/a><\/p>\n<p>\u010ce \u017eelite naro\u010diti model iz pdf kataloga te kolekcije, nam pi\u0161ite na: <a href=\"mailto:keramoteka.salon@gmail.com\" onclick=\"recordOutboundLink(this, 'E-mail', 'Description mail');return false;\">keramoteka.salon@gmail.com<\/a> ali pa nas pokli\u010dite na: +386 31 255 900.<\/p>\n<p>Technical description: 15&#215;15 cm; 30&#215;30 cm<\/p>\n","protected":false},"excerpt":{"rendered":"<p>Dimenzije te plo\u0161\u010dice so 15&#215;15 cm. Debelina kar 8 mm dela to plo\u0161\u010dico zelo trpe\u017eno in presti\u017eno na otip. Ta model plo\u0161\u010dice se najbolje prodaja v beli barvi. Provenzale 3300 je plo\u0161\u010dica proizvajalca Tonalite in prihaja iz Italije. Kliknite na ime kolekcije za ogled vseh plo\u0161\u010dic iz te serije: Tonalite Provenzale \u010ce \u017eelite naro\u010diti model [&hellip;]<\/p>\n","protected":false},"featured_media":109274,"template":"","meta":[],"product_cat":[200,230,999,250,9991048],"product_tag":[],"_links":{"self":[{"href":"https:\/\/www.keramika.com\/slovenija\/wp-json\/wp\/v2\/product\/109273"}],"collection":[{"href":"https:\/\/www.keramika.com\/slovenija\/wp-json\/wp\/v2\/product"}],"about":[{"href":"https:\/\/www.keramika.com\/slovenija\/wp-json\/wp\/v2\/types\/product"}],"wp:featuredmedia":[{"embeddable":true,"href":"https:\/\/www.keramika.com\/slovenija\/wp-json\/wp\/v2\/media\/109274"}],"wp:attachment":[{"href":"https:\/\/www.keramika.com\/slovenija\/wp-json\/wp\/v2\/media?parent=109273"}],"wp:term":[{"taxonomy":"product_cat","embeddable":true,"href":"https:\/\/www.keramika.com\/slovenija\/wp-json\/wp\/v2\/product_cat?post=109273"},{"taxonomy":"product_tag","embeddable":true,"href":"https:\/\/www.keramika.com\/slovenija\/wp-json\/wp\/v2\/product_tag?post=109273"}],"curies":[{"name":"wp","href":"https:\/\/api.w.org\/{rel}","templated":true}]}}