{"id":109113,"date":"2017-03-23T03:45:49","date_gmt":"2017-03-23T03:45:49","guid":{"rendered":"http:\/\/keramika.holest.com\/slovenija\/product\/krakle-34602\/"},"modified":"2017-03-27T19:41:53","modified_gmt":"2017-03-27T19:41:53","slug":"krakle-34602","status":"publish","type":"product","link":"https:\/\/www.keramika.com\/slovenija\/krakle-34602\/","title":{"rendered":"Krakle 34602"},"content":{"rendered":"<p>Krakle 34602 je pripeljana iz Italije in je zelo kvalitetna. \u0160irina in dol\u017eina te plo\u0161\u010dice sta 10&#215;30 cm. Ta plo\u0161\u010dica je na voljo v \u010dudoviti modri barvi, \u010de \u017eelite kak\u0161no drugo barvo pa nas kontaktirajte in preverili bomo pri proizvajalcu. Ta plo\u0161\u010dica je debela 9 mm in je zelo trpe\u017ena.<\/p>\n<p>Kliknite na ime kolekcije za ogled vseh plo\u0161\u010dic iz te serije: <a class=\"pdfcatal\" href=\"\/\/www.ceramictiles.com\/pdf\/tonalite\/krakle.pdf\" onclick=\"recordOutboundLink(this, 'E-mail', 'Description PDF');return false;\">Tonalite Krakle<\/a><\/p>\n<p>\u010ce \u017eelite naro\u010diti model iz pdf kataloga te kolekcije, nam pi\u0161ite na: <a href=\"mailto:keramoteka.salon@gmail.com\" onclick=\"recordOutboundLink(this, 'E-mail', 'Description mail');return false;\">keramoteka.salon@gmail.com<\/a> ali pa nas pokli\u010dite na: +386 31 255 900.<\/p>\n<p>Technical description: 10&#215;30 cm; 15&#215;15 cm; 7,5&#215;15 cm;<\/p>\n","protected":false},"excerpt":{"rendered":"<p>Krakle 34602 je pripeljana iz Italije in je zelo kvalitetna. \u0160irina in dol\u017eina te plo\u0161\u010dice sta 10&#215;30 cm. Ta plo\u0161\u010dica je na voljo v \u010dudoviti modri barvi, \u010de \u017eelite kak\u0161no drugo barvo pa nas kontaktirajte in preverili bomo pri proizvajalcu. Ta plo\u0161\u010dica je debela 9 mm in je zelo trpe\u017ena. Kliknite na ime kolekcije za [&hellip;]<\/p>\n","protected":false},"featured_media":109114,"template":"","meta":[],"product_cat":[200,230,999,250,9991048],"product_tag":[],"_links":{"self":[{"href":"https:\/\/www.keramika.com\/slovenija\/wp-json\/wp\/v2\/product\/109113"}],"collection":[{"href":"https:\/\/www.keramika.com\/slovenija\/wp-json\/wp\/v2\/product"}],"about":[{"href":"https:\/\/www.keramika.com\/slovenija\/wp-json\/wp\/v2\/types\/product"}],"wp:featuredmedia":[{"embeddable":true,"href":"https:\/\/www.keramika.com\/slovenija\/wp-json\/wp\/v2\/media\/109114"}],"wp:attachment":[{"href":"https:\/\/www.keramika.com\/slovenija\/wp-json\/wp\/v2\/media?parent=109113"}],"wp:term":[{"taxonomy":"product_cat","embeddable":true,"href":"https:\/\/www.keramika.com\/slovenija\/wp-json\/wp\/v2\/product_cat?post=109113"},{"taxonomy":"product_tag","embeddable":true,"href":"https:\/\/www.keramika.com\/slovenija\/wp-json\/wp\/v2\/product_tag?post=109113"}],"curies":[{"name":"wp","href":"https:\/\/api.w.org\/{rel}","templated":true}]}}