{"id":109055,"date":"2017-03-23T03:42:07","date_gmt":"2017-03-23T03:42:07","guid":{"rendered":"http:\/\/keramika.holest.com\/slovenija\/product\/hexagon-exarel-nel-1\/"},"modified":"2017-03-29T16:09:19","modified_gmt":"2017-03-29T16:09:19","slug":"hexagon-exarel-nel-1","status":"publish","type":"product","link":"https:\/\/www.keramika.com\/slovenija\/hexagon-exarel-nel-1\/","title":{"rendered":"Hexagon Exarel Nel 1"},"content":{"rendered":"<p>Ta model plo\u0161\u010dice se najbolje prodaja v \u010drni barvi. 8 mm je debelina, ki zadovolji tudi zahtevnej\u0161e kupce. Hexagon Exarel Nel 1 je pripeljana iz Italije in je zelo kvalitetna. \u0160irina in dol\u017eina te plo\u0161\u010dice sta 15&#215;15 cm.<\/p>\n<p>Kliknite na ime kolekcije za ogled vseh plo\u0161\u010dic iz te serije: <a class=\"pdfcatal\" href=\"\/\/www.ceramictiles.com\/pdf\/tonalite\/exa.pdf\" onclick=\"recordOutboundLink(this, 'E-mail', 'Description PDF');return false;\">Tonalite Exa<\/a><\/p>\n<p>\u010ce \u017eelite naro\u010diti model iz pdf kataloga te kolekcije, nam pi\u0161ite na: <a href=\"mailto:keramoteka.salon@gmail.com\" onclick=\"recordOutboundLink(this, 'E-mail', 'Description mail');return false;\">keramoteka.salon@gmail.com<\/a> ali pa nas pokli\u010dite na: +386 31 255 900.<\/p>\n<p>Technical description: 15,3&#215;17,5 cm<\/p>\n","protected":false},"excerpt":{"rendered":"<p>Ta model plo\u0161\u010dice se najbolje prodaja v \u010drni barvi. 8 mm je debelina, ki zadovolji tudi zahtevnej\u0161e kupce. Hexagon Exarel Nel 1 je pripeljana iz Italije in je zelo kvalitetna. \u0160irina in dol\u017eina te plo\u0161\u010dice sta 15&#215;15 cm. Kliknite na ime kolekcije za ogled vseh plo\u0161\u010dic iz te serije: Tonalite Exa \u010ce \u017eelite naro\u010diti model [&hellip;]<\/p>\n","protected":false},"featured_media":109056,"template":"","meta":[],"product_cat":[200,230,999,250,9991048],"product_tag":[99921970],"_links":{"self":[{"href":"https:\/\/www.keramika.com\/slovenija\/wp-json\/wp\/v2\/product\/109055"}],"collection":[{"href":"https:\/\/www.keramika.com\/slovenija\/wp-json\/wp\/v2\/product"}],"about":[{"href":"https:\/\/www.keramika.com\/slovenija\/wp-json\/wp\/v2\/types\/product"}],"wp:featuredmedia":[{"embeddable":true,"href":"https:\/\/www.keramika.com\/slovenija\/wp-json\/wp\/v2\/media\/109056"}],"wp:attachment":[{"href":"https:\/\/www.keramika.com\/slovenija\/wp-json\/wp\/v2\/media?parent=109055"}],"wp:term":[{"taxonomy":"product_cat","embeddable":true,"href":"https:\/\/www.keramika.com\/slovenija\/wp-json\/wp\/v2\/product_cat?post=109055"},{"taxonomy":"product_tag","embeddable":true,"href":"https:\/\/www.keramika.com\/slovenija\/wp-json\/wp\/v2\/product_tag?post=109055"}],"curies":[{"name":"wp","href":"https:\/\/api.w.org\/{rel}","templated":true}]}}