{"id":109011,"date":"2017-03-23T03:39:31","date_gmt":"2017-03-23T03:39:31","guid":{"rendered":"http:\/\/keramika.holest.com\/slovenija\/product\/hexagon-exarel-avm-3\/"},"modified":"2017-03-29T16:10:42","modified_gmt":"2017-03-29T16:10:42","slug":"hexagon-exarel-avm-3","status":"publish","type":"product","link":"https:\/\/www.keramika.com\/slovenija\/hexagon-exarel-avm-3\/","title":{"rendered":"Hexagon Exarel Avm 3"},"content":{"rendered":"<p>Debelina kar 8 mm dela to plo\u0161\u010dico zelo trpe\u017eno in presti\u017eno na otip. Keramika v be\u017e barvi popestri vsak prostor. To plo\u0161\u010dico je izdelal proizvajalec Tonalite, ki prihaja iz Italije. Dimenzije te plo\u0161\u010dice so 15&#215;15 cm.<\/p>\n<p>Kliknite na ime kolekcije za ogled vseh plo\u0161\u010dic iz te serije: <a class=\"pdfcatal\" href=\"\/\/www.ceramictiles.com\/pdf\/tonalite\/exa.pdf\" onclick=\"recordOutboundLink(this, 'E-mail', 'Description PDF');return false;\">Tonalite Exa<\/a><\/p>\n<p>\u010ce \u017eelite naro\u010diti model iz pdf kataloga te kolekcije, nam pi\u0161ite na: <a href=\"mailto:keramoteka.salon@gmail.com\" onclick=\"recordOutboundLink(this, 'E-mail', 'Description mail');return false;\">keramoteka.salon@gmail.com<\/a> ali pa nas pokli\u010dite na: +386 31 255 900.<\/p>\n<p>Technical description: 15,3&#215;17,5 cm<\/p>\n","protected":false},"excerpt":{"rendered":"<p>Debelina kar 8 mm dela to plo\u0161\u010dico zelo trpe\u017eno in presti\u017eno na otip. Keramika v be\u017e barvi popestri vsak prostor. To plo\u0161\u010dico je izdelal proizvajalec Tonalite, ki prihaja iz Italije. Dimenzije te plo\u0161\u010dice so 15&#215;15 cm. Kliknite na ime kolekcije za ogled vseh plo\u0161\u010dic iz te serije: Tonalite Exa \u010ce \u017eelite naro\u010diti model iz pdf [&hellip;]<\/p>\n","protected":false},"featured_media":109012,"template":"","meta":[],"product_cat":[200,230,999,250,9991048],"product_tag":[99921970],"_links":{"self":[{"href":"https:\/\/www.keramika.com\/slovenija\/wp-json\/wp\/v2\/product\/109011"}],"collection":[{"href":"https:\/\/www.keramika.com\/slovenija\/wp-json\/wp\/v2\/product"}],"about":[{"href":"https:\/\/www.keramika.com\/slovenija\/wp-json\/wp\/v2\/types\/product"}],"wp:featuredmedia":[{"embeddable":true,"href":"https:\/\/www.keramika.com\/slovenija\/wp-json\/wp\/v2\/media\/109012"}],"wp:attachment":[{"href":"https:\/\/www.keramika.com\/slovenija\/wp-json\/wp\/v2\/media?parent=109011"}],"wp:term":[{"taxonomy":"product_cat","embeddable":true,"href":"https:\/\/www.keramika.com\/slovenija\/wp-json\/wp\/v2\/product_cat?post=109011"},{"taxonomy":"product_tag","embeddable":true,"href":"https:\/\/www.keramika.com\/slovenija\/wp-json\/wp\/v2\/product_tag?post=109011"}],"curies":[{"name":"wp","href":"https:\/\/api.w.org\/{rel}","templated":true}]}}