{"id":108971,"date":"2017-03-23T03:37:11","date_gmt":"2017-03-23T03:37:11","guid":{"rendered":"http:\/\/keramika.holest.com\/slovenija\/product\/hexagon-examix-avorio-9\/"},"modified":"2017-03-29T16:12:15","modified_gmt":"2017-03-29T16:12:15","slug":"hexagon-examix-avorio-9","status":"publish","type":"product","link":"https:\/\/www.keramika.com\/slovenija\/hexagon-examix-avorio-9\/","title":{"rendered":"Hexagon Examix Avorio 9"},"content":{"rendered":"<p>Dimenzije te plo\u0161\u010dice so 15&#215;15 cm. Ta plo\u0161\u010dica je debela 8 mm in je zelo trpe\u017ena. To plo\u0161\u010dico je izdelal proizvajalec Tonalite, ki prihaja iz Italije. Pri izbiri plo\u0161\u010dice v be\u017e barvi ne morete zgre\u0161iti.<\/p>\n<p>Kliknite na ime kolekcije za ogled vseh plo\u0161\u010dic iz te serije: <a class=\"pdfcatal\" href=\"\/\/www.ceramictiles.com\/pdf\/tonalite\/exa.pdf\" onclick=\"recordOutboundLink(this, 'E-mail', 'Description PDF');return false;\">Tonalite Exa<\/a><\/p>\n<p>\u010ce \u017eelite naro\u010diti model iz pdf kataloga te kolekcije, nam pi\u0161ite na: <a href=\"mailto:keramoteka.salon@gmail.com\" onclick=\"recordOutboundLink(this, 'E-mail', 'Description mail');return false;\">keramoteka.salon@gmail.com<\/a> ali pa nas pokli\u010dite na: +386 31 255 900.<\/p>\n<p>Technical description: 15,3&#215;17,5 cm<\/p>\n","protected":false},"excerpt":{"rendered":"<p>Dimenzije te plo\u0161\u010dice so 15&#215;15 cm. Ta plo\u0161\u010dica je debela 8 mm in je zelo trpe\u017ena. To plo\u0161\u010dico je izdelal proizvajalec Tonalite, ki prihaja iz Italije. Pri izbiri plo\u0161\u010dice v be\u017e barvi ne morete zgre\u0161iti. Kliknite na ime kolekcije za ogled vseh plo\u0161\u010dic iz te serije: Tonalite Exa \u010ce \u017eelite naro\u010diti model iz pdf kataloga [&hellip;]<\/p>\n","protected":false},"featured_media":108972,"template":"","meta":[],"product_cat":[200,230,999,250,9991048],"product_tag":[99921970],"_links":{"self":[{"href":"https:\/\/www.keramika.com\/slovenija\/wp-json\/wp\/v2\/product\/108971"}],"collection":[{"href":"https:\/\/www.keramika.com\/slovenija\/wp-json\/wp\/v2\/product"}],"about":[{"href":"https:\/\/www.keramika.com\/slovenija\/wp-json\/wp\/v2\/types\/product"}],"wp:featuredmedia":[{"embeddable":true,"href":"https:\/\/www.keramika.com\/slovenija\/wp-json\/wp\/v2\/media\/108972"}],"wp:attachment":[{"href":"https:\/\/www.keramika.com\/slovenija\/wp-json\/wp\/v2\/media?parent=108971"}],"wp:term":[{"taxonomy":"product_cat","embeddable":true,"href":"https:\/\/www.keramika.com\/slovenija\/wp-json\/wp\/v2\/product_cat?post=108971"},{"taxonomy":"product_tag","embeddable":true,"href":"https:\/\/www.keramika.com\/slovenija\/wp-json\/wp\/v2\/product_tag?post=108971"}],"curies":[{"name":"wp","href":"https:\/\/api.w.org\/{rel}","templated":true}]}}