{"id":108963,"date":"2017-03-23T03:36:44","date_gmt":"2017-03-23T03:36:44","guid":{"rendered":"http:\/\/keramika.holest.com\/slovenija\/product\/hexagon-examix-avorio-5\/"},"modified":"2017-03-29T16:12:30","modified_gmt":"2017-03-29T16:12:30","slug":"hexagon-examix-avorio-5","status":"publish","type":"product","link":"https:\/\/www.keramika.com\/slovenija\/hexagon-examix-avorio-5\/","title":{"rendered":"Hexagon Examix Avorio 5"},"content":{"rendered":"<p>8 mm debeline je dovolj tudi za zahtevnej\u0161e kupce. Ta plo\u0161\u010dica je na voljo v \u010dudoviti be\u017e barvi, \u010de \u017eelite kak\u0161no drugo barvo pa nas kontaktirajte in preverili bomo pri proizvajalcu. To plo\u0161\u010dico je izdelal proizvajalec Tonalite, ki prihaja iz Italije. Velikost te plo\u0161\u010dice je 15&#215;15 cm.<\/p>\n<p>Kliknite na ime kolekcije za ogled vseh plo\u0161\u010dic iz te serije: <a class=\"pdfcatal\" href=\"\/\/www.ceramictiles.com\/pdf\/tonalite\/exa.pdf\" onclick=\"recordOutboundLink(this, 'E-mail', 'Description PDF');return false;\">Tonalite Exa<\/a><\/p>\n<p>\u010ce \u017eelite naro\u010diti model iz pdf kataloga te kolekcije, nam pi\u0161ite na: <a href=\"mailto:keramoteka.salon@gmail.com\" onclick=\"recordOutboundLink(this, 'E-mail', 'Description mail');return false;\">keramoteka.salon@gmail.com<\/a> ali pa nas pokli\u010dite na: +386 31 255 900.<\/p>\n<p>Technical description: 15,3&#215;17,5 cm<\/p>\n","protected":false},"excerpt":{"rendered":"<p>8 mm debeline je dovolj tudi za zahtevnej\u0161e kupce. Ta plo\u0161\u010dica je na voljo v \u010dudoviti be\u017e barvi, \u010de \u017eelite kak\u0161no drugo barvo pa nas kontaktirajte in preverili bomo pri proizvajalcu. To plo\u0161\u010dico je izdelal proizvajalec Tonalite, ki prihaja iz Italije. Velikost te plo\u0161\u010dice je 15&#215;15 cm. Kliknite na ime kolekcije za ogled vseh plo\u0161\u010dic [&hellip;]<\/p>\n","protected":false},"featured_media":108964,"template":"","meta":[],"product_cat":[200,230,999,250,9991048],"product_tag":[99921970],"_links":{"self":[{"href":"https:\/\/www.keramika.com\/slovenija\/wp-json\/wp\/v2\/product\/108963"}],"collection":[{"href":"https:\/\/www.keramika.com\/slovenija\/wp-json\/wp\/v2\/product"}],"about":[{"href":"https:\/\/www.keramika.com\/slovenija\/wp-json\/wp\/v2\/types\/product"}],"wp:featuredmedia":[{"embeddable":true,"href":"https:\/\/www.keramika.com\/slovenija\/wp-json\/wp\/v2\/media\/108964"}],"wp:attachment":[{"href":"https:\/\/www.keramika.com\/slovenija\/wp-json\/wp\/v2\/media?parent=108963"}],"wp:term":[{"taxonomy":"product_cat","embeddable":true,"href":"https:\/\/www.keramika.com\/slovenija\/wp-json\/wp\/v2\/product_cat?post=108963"},{"taxonomy":"product_tag","embeddable":true,"href":"https:\/\/www.keramika.com\/slovenija\/wp-json\/wp\/v2\/product_tag?post=108963"}],"curies":[{"name":"wp","href":"https:\/\/api.w.org\/{rel}","templated":true}]}}