{"id":108915,"date":"2017-03-23T03:33:46","date_gmt":"2017-03-23T03:33:46","guid":{"rendered":"http:\/\/keramika.holest.com\/slovenija\/product\/hexagon-d-exa-at\/"},"modified":"2017-03-29T16:14:22","modified_gmt":"2017-03-29T16:14:22","slug":"hexagon-d-exa-at","status":"publish","type":"product","link":"https:\/\/www.keramika.com\/slovenija\/hexagon-d-exa-at\/","title":{"rendered":"Hexagon D Exa At"},"content":{"rendered":"<p>Z 15&#215;15 cm je ta plo\u0161\u010dica primerna za razli\u010dne podlage. Hexagon D Exa At je pripeljana iz Italije in je zelo kvalitetna. Ta plo\u0161\u010dica je debela 8 mm in je zelo trpe\u017ena. Ta kerami\u010dna plo\u0161\u010dica v \u010dudoviti be\u017e barvi bo obogatila vsak prostor.<\/p>\n<p>Kliknite na ime kolekcije za ogled vseh plo\u0161\u010dic iz te serije: <a class=\"pdfcatal\" href=\"\/\/www.ceramictiles.com\/pdf\/tonalite\/exa.pdf\" onclick=\"recordOutboundLink(this, 'E-mail', 'Description PDF');return false;\">Tonalite Exa<\/a><\/p>\n<p>\u010ce \u017eelite naro\u010diti model iz pdf kataloga te kolekcije, nam pi\u0161ite na: <a href=\"mailto:keramoteka.salon@gmail.com\" onclick=\"recordOutboundLink(this, 'E-mail', 'Description mail');return false;\">keramoteka.salon@gmail.com<\/a> ali pa nas pokli\u010dite na: +386 31 255 900.<\/p>\n<p>Technical description: 15,3&#215;17,5 cm<\/p>\n","protected":false},"excerpt":{"rendered":"<p>Z 15&#215;15 cm je ta plo\u0161\u010dica primerna za razli\u010dne podlage. Hexagon D Exa At je pripeljana iz Italije in je zelo kvalitetna. Ta plo\u0161\u010dica je debela 8 mm in je zelo trpe\u017ena. Ta kerami\u010dna plo\u0161\u010dica v \u010dudoviti be\u017e barvi bo obogatila vsak prostor. Kliknite na ime kolekcije za ogled vseh plo\u0161\u010dic iz te serije: Tonalite [&hellip;]<\/p>\n","protected":false},"featured_media":108916,"template":"","meta":[],"product_cat":[200,230,999,250,9991048],"product_tag":[99921970],"_links":{"self":[{"href":"https:\/\/www.keramika.com\/slovenija\/wp-json\/wp\/v2\/product\/108915"}],"collection":[{"href":"https:\/\/www.keramika.com\/slovenija\/wp-json\/wp\/v2\/product"}],"about":[{"href":"https:\/\/www.keramika.com\/slovenija\/wp-json\/wp\/v2\/types\/product"}],"wp:featuredmedia":[{"embeddable":true,"href":"https:\/\/www.keramika.com\/slovenija\/wp-json\/wp\/v2\/media\/108916"}],"wp:attachment":[{"href":"https:\/\/www.keramika.com\/slovenija\/wp-json\/wp\/v2\/media?parent=108915"}],"wp:term":[{"taxonomy":"product_cat","embeddable":true,"href":"https:\/\/www.keramika.com\/slovenija\/wp-json\/wp\/v2\/product_cat?post=108915"},{"taxonomy":"product_tag","embeddable":true,"href":"https:\/\/www.keramika.com\/slovenija\/wp-json\/wp\/v2\/product_tag?post=108915"}],"curies":[{"name":"wp","href":"https:\/\/api.w.org\/{rel}","templated":true}]}}