{"id":108889,"date":"2017-03-23T03:32:16","date_gmt":"2017-03-23T03:32:16","guid":{"rendered":"http:\/\/keramika.holest.com\/slovenija\/product\/hexagon-6521\/"},"modified":"2017-03-29T16:15:24","modified_gmt":"2017-03-29T16:15:24","slug":"hexagon-6521","status":"publish","type":"product","link":"https:\/\/www.keramika.com\/slovenija\/hexagon-6521\/","title":{"rendered":"Hexagon 6521"},"content":{"rendered":"<p>Plo\u0161\u010dica je debela kar 8 mm, kar jo uvr\u0161\u010da med bolj trde plo\u0161\u010dice. Ta plo\u0161\u010dica je na voljo v \u010dudoviti beli barvi, \u010de \u017eelite kak\u0161no drugo barvo pa nas kontaktirajte in preverili bomo pri proizvajalcu. Velikost te plo\u0161\u010dice je 15&#215;15 cm in je primerna za razli\u010dne povr\u0161ine. Ta plo\u0161\u010dica prihaja iz Italije, ki je znana po kvalitetni keramiki.<\/p>\n<p>Kliknite na ime kolekcije za ogled vseh plo\u0161\u010dic iz te serije: <a class=\"pdfcatal\" href=\"\/\/www.ceramictiles.com\/pdf\/tonalite\/exa.pdf\" onclick=\"recordOutboundLink(this, 'E-mail', 'Description PDF');return false;\">Tonalite Exa<\/a><\/p>\n<p>\u010ce \u017eelite naro\u010diti model iz pdf kataloga te kolekcije, nam pi\u0161ite na: <a href=\"mailto:keramoteka.salon@gmail.com\" onclick=\"recordOutboundLink(this, 'E-mail', 'Description mail');return false;\">keramoteka.salon@gmail.com<\/a> ali pa nas pokli\u010dite na: +386 31 255 900.<\/p>\n<p>Technical description: 15,3&#215;17,5 cm<\/p>\n","protected":false},"excerpt":{"rendered":"<p>Plo\u0161\u010dica je debela kar 8 mm, kar jo uvr\u0161\u010da med bolj trde plo\u0161\u010dice. Ta plo\u0161\u010dica je na voljo v \u010dudoviti beli barvi, \u010de \u017eelite kak\u0161no drugo barvo pa nas kontaktirajte in preverili bomo pri proizvajalcu. Velikost te plo\u0161\u010dice je 15&#215;15 cm in je primerna za razli\u010dne povr\u0161ine. Ta plo\u0161\u010dica prihaja iz Italije, ki je znana [&hellip;]<\/p>\n","protected":false},"featured_media":108890,"template":"","meta":[],"product_cat":[200,230,999,250,9991048],"product_tag":[99921970],"_links":{"self":[{"href":"https:\/\/www.keramika.com\/slovenija\/wp-json\/wp\/v2\/product\/108889"}],"collection":[{"href":"https:\/\/www.keramika.com\/slovenija\/wp-json\/wp\/v2\/product"}],"about":[{"href":"https:\/\/www.keramika.com\/slovenija\/wp-json\/wp\/v2\/types\/product"}],"wp:featuredmedia":[{"embeddable":true,"href":"https:\/\/www.keramika.com\/slovenija\/wp-json\/wp\/v2\/media\/108890"}],"wp:attachment":[{"href":"https:\/\/www.keramika.com\/slovenija\/wp-json\/wp\/v2\/media?parent=108889"}],"wp:term":[{"taxonomy":"product_cat","embeddable":true,"href":"https:\/\/www.keramika.com\/slovenija\/wp-json\/wp\/v2\/product_cat?post=108889"},{"taxonomy":"product_tag","embeddable":true,"href":"https:\/\/www.keramika.com\/slovenija\/wp-json\/wp\/v2\/product_tag?post=108889"}],"curies":[{"name":"wp","href":"https:\/\/api.w.org\/{rel}","templated":true}]}}