{"id":108857,"date":"2017-03-23T03:30:21","date_gmt":"2017-03-23T03:30:21","guid":{"rendered":"http:\/\/keramika.holest.com\/slovenija\/product\/geomat-rho1679\/"},"modified":"2017-03-27T19:50:12","modified_gmt":"2017-03-27T19:50:12","slug":"geomat-rho1679","status":"publish","type":"product","link":"https:\/\/www.keramika.com\/slovenija\/geomat-rho1679\/","title":{"rendered":"Geomat Rho1679"},"content":{"rendered":"<p>8 mm je debelina, ki zadovolji tudi zahtevnej\u0161e kupce. Geomat Rho1679 prihaja iz Italije, ki je znana po zelo kvalitetni keramiki v svetovnem merilu. Ta kerami\u010dna plo\u0161\u010dica v \u010dudoviti \u010drni barvi bo obogatila vsak prostor. Dimenzije te plo\u0161\u010dice so 20&#215;20 cm.<\/p>\n<p>Kliknite na ime kolekcije za ogled vseh plo\u0161\u010dic iz te serije: <a class=\"pdfcatal\" href=\"\/\/www.ceramictiles.com\/pdf\/tonalite\/geomat.pdf\" onclick=\"recordOutboundLink(this, 'E-mail', 'Description PDF');return false;\">Tonalite Geomat<\/a><\/p>\n<p>\u010ce \u017eelite naro\u010diti model iz pdf kataloga te kolekcije, nam pi\u0161ite na: <a href=\"mailto:keramoteka.salon@gmail.com\" onclick=\"recordOutboundLink(this, 'E-mail', 'Description mail');return false;\">keramoteka.salon@gmail.com<\/a> ali pa nas pokli\u010dite na: +386 31 255 900.<\/p>\n<p>Technical description: 20&#215;20 cm; 6,2&#215;7 cm; 7,5&#215;30 cm; 14,5&#215;14,5 cm; 14,5&#215;24,5 cm<\/p>\n","protected":false},"excerpt":{"rendered":"<p>8 mm je debelina, ki zadovolji tudi zahtevnej\u0161e kupce. Geomat Rho1679 prihaja iz Italije, ki je znana po zelo kvalitetni keramiki v svetovnem merilu. Ta kerami\u010dna plo\u0161\u010dica v \u010dudoviti \u010drni barvi bo obogatila vsak prostor. Dimenzije te plo\u0161\u010dice so 20&#215;20 cm. Kliknite na ime kolekcije za ogled vseh plo\u0161\u010dic iz te serije: Tonalite Geomat \u010ce [&hellip;]<\/p>\n","protected":false},"featured_media":108858,"template":"","meta":[],"product_cat":[200,230,999,250,9991048],"product_tag":[],"_links":{"self":[{"href":"https:\/\/www.keramika.com\/slovenija\/wp-json\/wp\/v2\/product\/108857"}],"collection":[{"href":"https:\/\/www.keramika.com\/slovenija\/wp-json\/wp\/v2\/product"}],"about":[{"href":"https:\/\/www.keramika.com\/slovenija\/wp-json\/wp\/v2\/types\/product"}],"wp:featuredmedia":[{"embeddable":true,"href":"https:\/\/www.keramika.com\/slovenija\/wp-json\/wp\/v2\/media\/108858"}],"wp:attachment":[{"href":"https:\/\/www.keramika.com\/slovenija\/wp-json\/wp\/v2\/media?parent=108857"}],"wp:term":[{"taxonomy":"product_cat","embeddable":true,"href":"https:\/\/www.keramika.com\/slovenija\/wp-json\/wp\/v2\/product_cat?post=108857"},{"taxonomy":"product_tag","embeddable":true,"href":"https:\/\/www.keramika.com\/slovenija\/wp-json\/wp\/v2\/product_tag?post=108857"}],"curies":[{"name":"wp","href":"https:\/\/api.w.org\/{rel}","templated":true}]}}