{"id":108853,"date":"2017-03-23T03:30:10","date_gmt":"2017-03-23T03:30:10","guid":{"rendered":"http:\/\/keramika.holest.com\/slovenija\/product\/geomat-rho1677\/"},"modified":"2017-03-27T19:50:18","modified_gmt":"2017-03-27T19:50:18","slug":"geomat-rho1677","status":"publish","type":"product","link":"https:\/\/www.keramika.com\/slovenija\/geomat-rho1677\/","title":{"rendered":"Geomat Rho1677"},"content":{"rendered":"<p>Geomat Rho1677 je pripeljana iz Italije in je zelo kvalitetna. Letos so plo\u0161\u010dice v rjavi barvi zelo za\u017eeljene. Debelina kar 8 mm dela to plo\u0161\u010dico zelo trpe\u017eno in presti\u017eno na otip. Dimenzije te plo\u0161\u010dice so 20&#215;20 cm.<\/p>\n<p>Kliknite na ime kolekcije za ogled vseh plo\u0161\u010dic iz te serije: <a class=\"pdfcatal\" href=\"\/\/www.ceramictiles.com\/pdf\/tonalite\/geomat.pdf\" onclick=\"recordOutboundLink(this, 'E-mail', 'Description PDF');return false;\">Tonalite Geomat<\/a><\/p>\n<p>\u010ce \u017eelite naro\u010diti model iz pdf kataloga te kolekcije, nam pi\u0161ite na: <a href=\"mailto:keramoteka.salon@gmail.com\" onclick=\"recordOutboundLink(this, 'E-mail', 'Description mail');return false;\">keramoteka.salon@gmail.com<\/a> ali pa nas pokli\u010dite na: +386 31 255 900.<\/p>\n<p>Technical description: 20&#215;20 cm; 6,2&#215;7 cm; 7,5&#215;30 cm; 14,5&#215;14,5 cm; 14,5&#215;24,5 cm<\/p>\n","protected":false},"excerpt":{"rendered":"<p>Geomat Rho1677 je pripeljana iz Italije in je zelo kvalitetna. Letos so plo\u0161\u010dice v rjavi barvi zelo za\u017eeljene. Debelina kar 8 mm dela to plo\u0161\u010dico zelo trpe\u017eno in presti\u017eno na otip. Dimenzije te plo\u0161\u010dice so 20&#215;20 cm. Kliknite na ime kolekcije za ogled vseh plo\u0161\u010dic iz te serije: Tonalite Geomat \u010ce \u017eelite naro\u010diti model iz [&hellip;]<\/p>\n","protected":false},"featured_media":108854,"template":"","meta":[],"product_cat":[200,230,999,250,9991048],"product_tag":[],"_links":{"self":[{"href":"https:\/\/www.keramika.com\/slovenija\/wp-json\/wp\/v2\/product\/108853"}],"collection":[{"href":"https:\/\/www.keramika.com\/slovenija\/wp-json\/wp\/v2\/product"}],"about":[{"href":"https:\/\/www.keramika.com\/slovenija\/wp-json\/wp\/v2\/types\/product"}],"wp:featuredmedia":[{"embeddable":true,"href":"https:\/\/www.keramika.com\/slovenija\/wp-json\/wp\/v2\/media\/108854"}],"wp:attachment":[{"href":"https:\/\/www.keramika.com\/slovenija\/wp-json\/wp\/v2\/media?parent=108853"}],"wp:term":[{"taxonomy":"product_cat","embeddable":true,"href":"https:\/\/www.keramika.com\/slovenija\/wp-json\/wp\/v2\/product_cat?post=108853"},{"taxonomy":"product_tag","embeddable":true,"href":"https:\/\/www.keramika.com\/slovenija\/wp-json\/wp\/v2\/product_tag?post=108853"}],"curies":[{"name":"wp","href":"https:\/\/api.w.org\/{rel}","templated":true}]}}