{"id":108841,"date":"2017-03-23T03:29:31","date_gmt":"2017-03-23T03:29:31","guid":{"rendered":"http:\/\/keramika.holest.com\/slovenija\/product\/geomat-hex1678\/"},"modified":"2017-03-29T16:16:16","modified_gmt":"2017-03-29T16:16:16","slug":"geomat-hex1678","status":"publish","type":"product","link":"https:\/\/www.keramika.com\/slovenija\/geomat-hex1678\/","title":{"rendered":"Geomat Hex1678"},"content":{"rendered":"<p>Zelo moderna plo\u0161\u010dica v rjavi barvi popestri prav vsak prostor. Dimenzije te plo\u0161\u010dice so 20&#215;20 cm. To plo\u0161\u010dico je izdelal proizvajalec Tonalite, ki prihaja iz Italije. Debelina plo\u0161\u010dice je zelo pomembna in 8 mm uvr\u0161\u010da to plo\u0161\u010dico med najkvalitetnej\u0161e.<\/p>\n<p>Kliknite na ime kolekcije za ogled vseh plo\u0161\u010dic iz te serije: <a class=\"pdfcatal\" href=\"\/\/www.ceramictiles.com\/pdf\/tonalite\/geomat.pdf\" onclick=\"recordOutboundLink(this, 'E-mail', 'Description PDF');return false;\">Tonalite Geomat<\/a><\/p>\n<p>\u010ce \u017eelite naro\u010diti model iz pdf kataloga te kolekcije, nam pi\u0161ite na: <a href=\"mailto:keramoteka.salon@gmail.com\" onclick=\"recordOutboundLink(this, 'E-mail', 'Description mail');return false;\">keramoteka.salon@gmail.com<\/a> ali pa nas pokli\u010dite na: +386 31 255 900.<\/p>\n<p>Technical description: 20&#215;20 cm; 6,2&#215;7 cm; 7,5&#215;30 cm; 14,5&#215;14,5 cm; 14,5&#215;24,5 cm<\/p>\n","protected":false},"excerpt":{"rendered":"<p>Zelo moderna plo\u0161\u010dica v rjavi barvi popestri prav vsak prostor. Dimenzije te plo\u0161\u010dice so 20&#215;20 cm. To plo\u0161\u010dico je izdelal proizvajalec Tonalite, ki prihaja iz Italije. Debelina plo\u0161\u010dice je zelo pomembna in 8 mm uvr\u0161\u010da to plo\u0161\u010dico med najkvalitetnej\u0161e. Kliknite na ime kolekcije za ogled vseh plo\u0161\u010dic iz te serije: Tonalite Geomat \u010ce \u017eelite naro\u010diti [&hellip;]<\/p>\n","protected":false},"featured_media":108842,"template":"","meta":[],"product_cat":[200,230,999,250,9991048],"product_tag":[99921970],"_links":{"self":[{"href":"https:\/\/www.keramika.com\/slovenija\/wp-json\/wp\/v2\/product\/108841"}],"collection":[{"href":"https:\/\/www.keramika.com\/slovenija\/wp-json\/wp\/v2\/product"}],"about":[{"href":"https:\/\/www.keramika.com\/slovenija\/wp-json\/wp\/v2\/types\/product"}],"wp:featuredmedia":[{"embeddable":true,"href":"https:\/\/www.keramika.com\/slovenija\/wp-json\/wp\/v2\/media\/108842"}],"wp:attachment":[{"href":"https:\/\/www.keramika.com\/slovenija\/wp-json\/wp\/v2\/media?parent=108841"}],"wp:term":[{"taxonomy":"product_cat","embeddable":true,"href":"https:\/\/www.keramika.com\/slovenija\/wp-json\/wp\/v2\/product_cat?post=108841"},{"taxonomy":"product_tag","embeddable":true,"href":"https:\/\/www.keramika.com\/slovenija\/wp-json\/wp\/v2\/product_tag?post=108841"}],"curies":[{"name":"wp","href":"https:\/\/api.w.org\/{rel}","templated":true}]}}