{"id":108823,"date":"2017-03-23T03:28:24","date_gmt":"2017-03-23T03:28:24","guid":{"rendered":"http:\/\/keramika.holest.com\/slovenija\/product\/geomat-est1673\/"},"modified":"2017-03-27T19:51:12","modified_gmt":"2017-03-27T19:51:12","slug":"geomat-est1673","status":"publish","type":"product","link":"https:\/\/www.keramika.com\/slovenija\/geomat-est1673\/","title":{"rendered":"Geomat Est1673"},"content":{"rendered":"<p>Ta plo\u0161\u010dica je na voljo v \u010dudoviti sivi barvi, \u010de \u017eelite kak\u0161no drugo barvo pa nas kontaktirajte in preverili bomo pri proizvajalcu. To plo\u0161\u010dico je izdelal proizvajalec Tonalite, ki prihaja iz Italije. \u0160irina in dol\u017eina te plo\u0161\u010dice sta 20&#215;20 cm. Debelina plo\u0161\u010dice je zelo pomembna in 8 mm uvr\u0161\u010da to plo\u0161\u010dico med najkvalitetnej\u0161e.<\/p>\n<p>Kliknite na ime kolekcije za ogled vseh plo\u0161\u010dic iz te serije: <a class=\"pdfcatal\" href=\"\/\/www.ceramictiles.com\/pdf\/tonalite\/geomat.pdf\" onclick=\"recordOutboundLink(this, 'E-mail', 'Description PDF');return false;\">Tonalite Geomat<\/a><\/p>\n<p>\u010ce \u017eelite naro\u010diti model iz pdf kataloga te kolekcije, nam pi\u0161ite na: <a href=\"mailto:keramoteka.salon@gmail.com\" onclick=\"recordOutboundLink(this, 'E-mail', 'Description mail');return false;\">keramoteka.salon@gmail.com<\/a> ali pa nas pokli\u010dite na: +386 31 255 900.<\/p>\n<p>Technical description: 20&#215;20 cm; 6,2&#215;7 cm; 7,5&#215;30 cm; 14,5&#215;14,5 cm; 14,5&#215;24,5 cm<\/p>\n","protected":false},"excerpt":{"rendered":"<p>Ta plo\u0161\u010dica je na voljo v \u010dudoviti sivi barvi, \u010de \u017eelite kak\u0161no drugo barvo pa nas kontaktirajte in preverili bomo pri proizvajalcu. To plo\u0161\u010dico je izdelal proizvajalec Tonalite, ki prihaja iz Italije. \u0160irina in dol\u017eina te plo\u0161\u010dice sta 20&#215;20 cm. Debelina plo\u0161\u010dice je zelo pomembna in 8 mm uvr\u0161\u010da to plo\u0161\u010dico med najkvalitetnej\u0161e. Kliknite na [&hellip;]<\/p>\n","protected":false},"featured_media":108824,"template":"","meta":[],"product_cat":[200,230,999,250,9991048],"product_tag":[],"_links":{"self":[{"href":"https:\/\/www.keramika.com\/slovenija\/wp-json\/wp\/v2\/product\/108823"}],"collection":[{"href":"https:\/\/www.keramika.com\/slovenija\/wp-json\/wp\/v2\/product"}],"about":[{"href":"https:\/\/www.keramika.com\/slovenija\/wp-json\/wp\/v2\/types\/product"}],"wp:featuredmedia":[{"embeddable":true,"href":"https:\/\/www.keramika.com\/slovenija\/wp-json\/wp\/v2\/media\/108824"}],"wp:attachment":[{"href":"https:\/\/www.keramika.com\/slovenija\/wp-json\/wp\/v2\/media?parent=108823"}],"wp:term":[{"taxonomy":"product_cat","embeddable":true,"href":"https:\/\/www.keramika.com\/slovenija\/wp-json\/wp\/v2\/product_cat?post=108823"},{"taxonomy":"product_tag","embeddable":true,"href":"https:\/\/www.keramika.com\/slovenija\/wp-json\/wp\/v2\/product_tag?post=108823"}],"curies":[{"name":"wp","href":"https:\/\/api.w.org\/{rel}","templated":true}]}}