{"id":108793,"date":"2017-03-23T03:26:36","date_gmt":"2017-03-23T03:26:36","guid":{"rendered":"http:\/\/keramika.holest.com\/slovenija\/product\/exadeco-14\/"},"modified":"2017-03-27T19:52:05","modified_gmt":"2017-03-27T19:52:05","slug":"exadeco-14","status":"publish","type":"product","link":"https:\/\/www.keramika.com\/slovenija\/exadeco-14\/","title":{"rendered":"Exadeco 14"},"content":{"rendered":"<p>Pri izbiri plo\u0161\u010dice v modri barvi ne morete zgre\u0161iti. Ta plo\u0161\u010dica je debela 8 mm in je zelo trpe\u017ena. Velikost te plo\u0161\u010dice je 15&#215;15 cm. Exadeco 14 je pripeljana iz Italije in je zelo kvalitetna.<\/p>\n<p>Kliknite na ime kolekcije za ogled vseh plo\u0161\u010dic iz te serije: <a class=\"pdfcatal\" href=\"\/\/www.ceramictiles.com\/pdf\/tonalite\/exa.pdf\" onclick=\"recordOutboundLink(this, 'E-mail', 'Description PDF');return false;\">Tonalite Exa<\/a><\/p>\n<p>\u010ce \u017eelite naro\u010diti model iz pdf kataloga te kolekcije, nam pi\u0161ite na: <a href=\"mailto:keramoteka.salon@gmail.com\" onclick=\"recordOutboundLink(this, 'E-mail', 'Description mail');return false;\">keramoteka.salon@gmail.com<\/a> ali pa nas pokli\u010dite na: +386 31 255 900.<\/p>\n<p>Technical description: 15,3&#215;17,5 cm<\/p>\n","protected":false},"excerpt":{"rendered":"<p>Pri izbiri plo\u0161\u010dice v modri barvi ne morete zgre\u0161iti. Ta plo\u0161\u010dica je debela 8 mm in je zelo trpe\u017ena. Velikost te plo\u0161\u010dice je 15&#215;15 cm. Exadeco 14 je pripeljana iz Italije in je zelo kvalitetna. Kliknite na ime kolekcije za ogled vseh plo\u0161\u010dic iz te serije: Tonalite Exa \u010ce \u017eelite naro\u010diti model iz pdf kataloga [&hellip;]<\/p>\n","protected":false},"featured_media":108794,"template":"","meta":[],"product_cat":[200,230,999,250,9991048],"product_tag":[],"_links":{"self":[{"href":"https:\/\/www.keramika.com\/slovenija\/wp-json\/wp\/v2\/product\/108793"}],"collection":[{"href":"https:\/\/www.keramika.com\/slovenija\/wp-json\/wp\/v2\/product"}],"about":[{"href":"https:\/\/www.keramika.com\/slovenija\/wp-json\/wp\/v2\/types\/product"}],"wp:featuredmedia":[{"embeddable":true,"href":"https:\/\/www.keramika.com\/slovenija\/wp-json\/wp\/v2\/media\/108794"}],"wp:attachment":[{"href":"https:\/\/www.keramika.com\/slovenija\/wp-json\/wp\/v2\/media?parent=108793"}],"wp:term":[{"taxonomy":"product_cat","embeddable":true,"href":"https:\/\/www.keramika.com\/slovenija\/wp-json\/wp\/v2\/product_cat?post=108793"},{"taxonomy":"product_tag","embeddable":true,"href":"https:\/\/www.keramika.com\/slovenija\/wp-json\/wp\/v2\/product_tag?post=108793"}],"curies":[{"name":"wp","href":"https:\/\/api.w.org\/{rel}","templated":true}]}}