{"id":108789,"date":"2017-03-23T03:26:22","date_gmt":"2017-03-23T03:26:22","guid":{"rendered":"http:\/\/keramika.holest.com\/slovenija\/product\/exadeco-12\/"},"modified":"2017-03-27T19:52:12","modified_gmt":"2017-03-27T19:52:12","slug":"exadeco-12","status":"publish","type":"product","link":"https:\/\/www.keramika.com\/slovenija\/exadeco-12\/","title":{"rendered":"Exadeco 12"},"content":{"rendered":"<p>Prihaja iz Italije, ki po svetu slovi kot ena bolj\u0161ih proizvajalk kerami\u010dnih plo\u0161\u010dic. Debelina kar 8 mm dela to plo\u0161\u010dico zelo trpe\u017eno in presti\u017eno na otip. Letos so plo\u0161\u010dice v modri barvi zelo za\u017eeljene. Z velikostjo 15&#215;15 cm je ta plo\u0161\u010dica primerna ze razli\u010dne povr\u0161ine.<\/p>\n<p>Kliknite na ime kolekcije za ogled vseh plo\u0161\u010dic iz te serije: <a class=\"pdfcatal\" href=\"\/\/www.ceramictiles.com\/pdf\/tonalite\/exa.pdf\" onclick=\"recordOutboundLink(this, 'E-mail', 'Description PDF');return false;\">Tonalite Exa<\/a><\/p>\n<p>\u010ce \u017eelite naro\u010diti model iz pdf kataloga te kolekcije, nam pi\u0161ite na: <a href=\"mailto:keramoteka.salon@gmail.com\" onclick=\"recordOutboundLink(this, 'E-mail', 'Description mail');return false;\">keramoteka.salon@gmail.com<\/a> ali pa nas pokli\u010dite na: +386 31 255 900.<\/p>\n<p>Technical description: 15,3&#215;17,5 cm<\/p>\n","protected":false},"excerpt":{"rendered":"<p>Prihaja iz Italije, ki po svetu slovi kot ena bolj\u0161ih proizvajalk kerami\u010dnih plo\u0161\u010dic. Debelina kar 8 mm dela to plo\u0161\u010dico zelo trpe\u017eno in presti\u017eno na otip. Letos so plo\u0161\u010dice v modri barvi zelo za\u017eeljene. Z velikostjo 15&#215;15 cm je ta plo\u0161\u010dica primerna ze razli\u010dne povr\u0161ine. Kliknite na ime kolekcije za ogled vseh plo\u0161\u010dic iz te [&hellip;]<\/p>\n","protected":false},"featured_media":108790,"template":"","meta":[],"product_cat":[200,230,999,250,9991048],"product_tag":[],"_links":{"self":[{"href":"https:\/\/www.keramika.com\/slovenija\/wp-json\/wp\/v2\/product\/108789"}],"collection":[{"href":"https:\/\/www.keramika.com\/slovenija\/wp-json\/wp\/v2\/product"}],"about":[{"href":"https:\/\/www.keramika.com\/slovenija\/wp-json\/wp\/v2\/types\/product"}],"wp:featuredmedia":[{"embeddable":true,"href":"https:\/\/www.keramika.com\/slovenija\/wp-json\/wp\/v2\/media\/108790"}],"wp:attachment":[{"href":"https:\/\/www.keramika.com\/slovenija\/wp-json\/wp\/v2\/media?parent=108789"}],"wp:term":[{"taxonomy":"product_cat","embeddable":true,"href":"https:\/\/www.keramika.com\/slovenija\/wp-json\/wp\/v2\/product_cat?post=108789"},{"taxonomy":"product_tag","embeddable":true,"href":"https:\/\/www.keramika.com\/slovenija\/wp-json\/wp\/v2\/product_tag?post=108789"}],"curies":[{"name":"wp","href":"https:\/\/api.w.org\/{rel}","templated":true}]}}