{"id":108787,"date":"2017-03-23T03:26:15","date_gmt":"2017-03-23T03:26:15","guid":{"rendered":"http:\/\/keramika.holest.com\/slovenija\/product\/exadeco-11\/"},"modified":"2017-03-27T19:52:15","modified_gmt":"2017-03-27T19:52:15","slug":"exadeco-11","status":"publish","type":"product","link":"https:\/\/www.keramika.com\/slovenija\/exadeco-11\/","title":{"rendered":"Exadeco 11"},"content":{"rendered":"<p>Ta plo\u0161\u010dica prihaja iz Italije, ki je znana po kvalitetni keramiki. 8 mm debeline je dovolj tudi za zahtevnej\u0161e kupce. Ta model plo\u0161\u010dice se najbolje prodaja v modri barvi. Z velikostjo 15&#215;15 cm je ta plo\u0161\u010dica primerna ze razli\u010dne povr\u0161ine.<\/p>\n<p>Kliknite na ime kolekcije za ogled vseh plo\u0161\u010dic iz te serije: <a class=\"pdfcatal\" href=\"\/\/www.ceramictiles.com\/pdf\/tonalite\/exa.pdf\" onclick=\"recordOutboundLink(this, 'E-mail', 'Description PDF');return false;\">Tonalite Exa<\/a><\/p>\n<p>\u010ce \u017eelite naro\u010diti model iz pdf kataloga te kolekcije, nam pi\u0161ite na: <a href=\"mailto:keramoteka.salon@gmail.com\" onclick=\"recordOutboundLink(this, 'E-mail', 'Description mail');return false;\">keramoteka.salon@gmail.com<\/a> ali pa nas pokli\u010dite na: +386 31 255 900.<\/p>\n<p>Technical description: 15,3&#215;17,5 cm<\/p>\n","protected":false},"excerpt":{"rendered":"<p>Ta plo\u0161\u010dica prihaja iz Italije, ki je znana po kvalitetni keramiki. 8 mm debeline je dovolj tudi za zahtevnej\u0161e kupce. Ta model plo\u0161\u010dice se najbolje prodaja v modri barvi. Z velikostjo 15&#215;15 cm je ta plo\u0161\u010dica primerna ze razli\u010dne povr\u0161ine. Kliknite na ime kolekcije za ogled vseh plo\u0161\u010dic iz te serije: Tonalite Exa \u010ce \u017eelite [&hellip;]<\/p>\n","protected":false},"featured_media":108788,"template":"","meta":[],"product_cat":[200,230,999,250,9991048],"product_tag":[],"_links":{"self":[{"href":"https:\/\/www.keramika.com\/slovenija\/wp-json\/wp\/v2\/product\/108787"}],"collection":[{"href":"https:\/\/www.keramika.com\/slovenija\/wp-json\/wp\/v2\/product"}],"about":[{"href":"https:\/\/www.keramika.com\/slovenija\/wp-json\/wp\/v2\/types\/product"}],"wp:featuredmedia":[{"embeddable":true,"href":"https:\/\/www.keramika.com\/slovenija\/wp-json\/wp\/v2\/media\/108788"}],"wp:attachment":[{"href":"https:\/\/www.keramika.com\/slovenija\/wp-json\/wp\/v2\/media?parent=108787"}],"wp:term":[{"taxonomy":"product_cat","embeddable":true,"href":"https:\/\/www.keramika.com\/slovenija\/wp-json\/wp\/v2\/product_cat?post=108787"},{"taxonomy":"product_tag","embeddable":true,"href":"https:\/\/www.keramika.com\/slovenija\/wp-json\/wp\/v2\/product_tag?post=108787"}],"curies":[{"name":"wp","href":"https:\/\/api.w.org\/{rel}","templated":true}]}}