{"id":108717,"date":"2017-03-23T03:22:21","date_gmt":"2017-03-23T03:22:21","guid":{"rendered":"http:\/\/keramika.holest.com\/slovenija\/product\/diamante-bat-dia-ne\/"},"modified":"2017-03-27T19:54:20","modified_gmt":"2017-03-27T19:54:20","slug":"diamante-bat-dia-ne","status":"publish","type":"product","link":"https:\/\/www.keramika.com\/slovenija\/diamante-bat-dia-ne\/","title":{"rendered":"Diamante Bat Dia Ne"},"content":{"rendered":"<p>Ta plo\u0161\u010dica prihaja iz Italije, ki je znana po kvalitetni keramiki. Debelina kar 8 mm dela to plo\u0161\u010dico zelo trpe\u017eno in presti\u017eno na otip. Plo\u0161\u010dica na sliki je velika 15&#215;15 cm. Letos so plo\u0161\u010dice v \u010drni barvi zelo za\u017eeljene.<\/p>\n<p>Kliknite na ime kolekcije za ogled vseh plo\u0161\u010dic iz te serije: <a class=\"pdfcatal\" href=\"\/\/www.ceramictiles.com\/pdf\/tonalite\/diamante.pdf\" onclick=\"recordOutboundLink(this, 'E-mail', 'Description PDF');return false;\">Tonalite Diamante<\/a><\/p>\n<p>\u010ce \u017eelite naro\u010diti model iz pdf kataloga te kolekcije, nam pi\u0161ite na: <a href=\"mailto:keramoteka.salon@gmail.com\" onclick=\"recordOutboundLink(this, 'E-mail', 'Description mail');return false;\">keramoteka.salon@gmail.com<\/a> ali pa nas pokli\u010dite na: +386 31 255 900.<\/p>\n","protected":false},"excerpt":{"rendered":"<p>Ta plo\u0161\u010dica prihaja iz Italije, ki je znana po kvalitetni keramiki. Debelina kar 8 mm dela to plo\u0161\u010dico zelo trpe\u017eno in presti\u017eno na otip. Plo\u0161\u010dica na sliki je velika 15&#215;15 cm. Letos so plo\u0161\u010dice v \u010drni barvi zelo za\u017eeljene. Kliknite na ime kolekcije za ogled vseh plo\u0161\u010dic iz te serije: Tonalite Diamante \u010ce \u017eelite naro\u010diti [&hellip;]<\/p>\n","protected":false},"featured_media":108718,"template":"","meta":[],"product_cat":[200,230,999,250,9991048],"product_tag":[],"_links":{"self":[{"href":"https:\/\/www.keramika.com\/slovenija\/wp-json\/wp\/v2\/product\/108717"}],"collection":[{"href":"https:\/\/www.keramika.com\/slovenija\/wp-json\/wp\/v2\/product"}],"about":[{"href":"https:\/\/www.keramika.com\/slovenija\/wp-json\/wp\/v2\/types\/product"}],"wp:featuredmedia":[{"embeddable":true,"href":"https:\/\/www.keramika.com\/slovenija\/wp-json\/wp\/v2\/media\/108718"}],"wp:attachment":[{"href":"https:\/\/www.keramika.com\/slovenija\/wp-json\/wp\/v2\/media?parent=108717"}],"wp:term":[{"taxonomy":"product_cat","embeddable":true,"href":"https:\/\/www.keramika.com\/slovenija\/wp-json\/wp\/v2\/product_cat?post=108717"},{"taxonomy":"product_tag","embeddable":true,"href":"https:\/\/www.keramika.com\/slovenija\/wp-json\/wp\/v2\/product_tag?post=108717"}],"curies":[{"name":"wp","href":"https:\/\/api.w.org\/{rel}","templated":true}]}}