{"id":108707,"date":"2017-03-23T03:21:48","date_gmt":"2017-03-23T03:21:48","guid":{"rendered":"http:\/\/keramika.holest.com\/slovenija\/product\/diamante-bat-dia-bi\/"},"modified":"2017-03-27T19:54:37","modified_gmt":"2017-03-27T19:54:37","slug":"diamante-bat-dia-bi","status":"publish","type":"product","link":"https:\/\/www.keramika.com\/slovenija\/diamante-bat-dia-bi\/","title":{"rendered":"Diamante Bat Dia Bi"},"content":{"rendered":"<p>Plo\u0161\u010dica je debela kar 8 mm, kar jo uvr\u0161\u010da med bolj trde plo\u0161\u010dice. Letos so plo\u0161\u010dice v beli barvi zelo za\u017eeljene. Dimenzije te plo\u0161\u010dice so 15&#215;15 cm. Prihaja iz Italije, ki po svetu slovi kot ena bolj\u0161ih proizvajalk kerami\u010dnih plo\u0161\u010dic.<\/p>\n<p>Kliknite na ime kolekcije za ogled vseh plo\u0161\u010dic iz te serije: <a class=\"pdfcatal\" href=\"\/\/www.ceramictiles.com\/pdf\/tonalite\/diamante.pdf\" onclick=\"recordOutboundLink(this, 'E-mail', 'Description PDF');return false;\">Tonalite Diamante<\/a><\/p>\n<p>\u010ce \u017eelite naro\u010diti model iz pdf kataloga te kolekcije, nam pi\u0161ite na: <a href=\"mailto:keramoteka.salon@gmail.com\" onclick=\"recordOutboundLink(this, 'E-mail', 'Description mail');return false;\">keramoteka.salon@gmail.com<\/a> ali pa nas pokli\u010dite na: +386 31 255 900.<\/p>\n","protected":false},"excerpt":{"rendered":"<p>Plo\u0161\u010dica je debela kar 8 mm, kar jo uvr\u0161\u010da med bolj trde plo\u0161\u010dice. Letos so plo\u0161\u010dice v beli barvi zelo za\u017eeljene. Dimenzije te plo\u0161\u010dice so 15&#215;15 cm. Prihaja iz Italije, ki po svetu slovi kot ena bolj\u0161ih proizvajalk kerami\u010dnih plo\u0161\u010dic. Kliknite na ime kolekcije za ogled vseh plo\u0161\u010dic iz te serije: Tonalite Diamante \u010ce \u017eelite [&hellip;]<\/p>\n","protected":false},"featured_media":108708,"template":"","meta":[],"product_cat":[200,230,999,250,9991048],"product_tag":[],"_links":{"self":[{"href":"https:\/\/www.keramika.com\/slovenija\/wp-json\/wp\/v2\/product\/108707"}],"collection":[{"href":"https:\/\/www.keramika.com\/slovenija\/wp-json\/wp\/v2\/product"}],"about":[{"href":"https:\/\/www.keramika.com\/slovenija\/wp-json\/wp\/v2\/types\/product"}],"wp:featuredmedia":[{"embeddable":true,"href":"https:\/\/www.keramika.com\/slovenija\/wp-json\/wp\/v2\/media\/108708"}],"wp:attachment":[{"href":"https:\/\/www.keramika.com\/slovenija\/wp-json\/wp\/v2\/media?parent=108707"}],"wp:term":[{"taxonomy":"product_cat","embeddable":true,"href":"https:\/\/www.keramika.com\/slovenija\/wp-json\/wp\/v2\/product_cat?post=108707"},{"taxonomy":"product_tag","embeddable":true,"href":"https:\/\/www.keramika.com\/slovenija\/wp-json\/wp\/v2\/product_tag?post=108707"}],"curies":[{"name":"wp","href":"https:\/\/api.w.org\/{rel}","templated":true}]}}