{"id":108645,"date":"2017-03-23T03:18:00","date_gmt":"2017-03-23T03:18:00","guid":{"rendered":"http:\/\/keramika.holest.com\/slovenija\/product\/diamante-1305\/"},"modified":"2017-03-27T19:56:26","modified_gmt":"2017-03-27T19:56:26","slug":"diamante-1305","status":"publish","type":"product","link":"https:\/\/www.keramika.com\/slovenija\/diamante-1305\/","title":{"rendered":"Diamante 1305"},"content":{"rendered":"<p>Debelina kar 8 mm dela to plo\u0161\u010dico zelo trpe\u017eno in presti\u017eno na otip. Velikost te plo\u0161\u010dice je 15&#215;15 cm. Zelo moderna plo\u0161\u010dica v be\u017e barvi popestri prav vsak prostor. Ta plo\u0161\u010dica prihaja iz Italije, ki je znana po kvalitetni keramiki.<\/p>\n<p>Kliknite na ime kolekcije za ogled vseh plo\u0161\u010dic iz te serije: <a class=\"pdfcatal\" href=\"\/\/www.ceramictiles.com\/pdf\/tonalite\/diamante.pdf\" onclick=\"recordOutboundLink(this, 'E-mail', 'Description PDF');return false;\">Tonalite Diamante<\/a><\/p>\n<p>\u010ce \u017eelite naro\u010diti model iz pdf kataloga te kolekcije, nam pi\u0161ite na: <a href=\"mailto:keramoteka.salon@gmail.com\" onclick=\"recordOutboundLink(this, 'E-mail', 'Description mail');return false;\">keramoteka.salon@gmail.com<\/a> ali pa nas pokli\u010dite na: +386 31 255 900.<\/p>\n","protected":false},"excerpt":{"rendered":"<p>Debelina kar 8 mm dela to plo\u0161\u010dico zelo trpe\u017eno in presti\u017eno na otip. Velikost te plo\u0161\u010dice je 15&#215;15 cm. Zelo moderna plo\u0161\u010dica v be\u017e barvi popestri prav vsak prostor. Ta plo\u0161\u010dica prihaja iz Italije, ki je znana po kvalitetni keramiki. Kliknite na ime kolekcije za ogled vseh plo\u0161\u010dic iz te serije: Tonalite Diamante \u010ce \u017eelite [&hellip;]<\/p>\n","protected":false},"featured_media":108646,"template":"","meta":[],"product_cat":[200,230,999,250,9991048],"product_tag":[],"_links":{"self":[{"href":"https:\/\/www.keramika.com\/slovenija\/wp-json\/wp\/v2\/product\/108645"}],"collection":[{"href":"https:\/\/www.keramika.com\/slovenija\/wp-json\/wp\/v2\/product"}],"about":[{"href":"https:\/\/www.keramika.com\/slovenija\/wp-json\/wp\/v2\/types\/product"}],"wp:featuredmedia":[{"embeddable":true,"href":"https:\/\/www.keramika.com\/slovenija\/wp-json\/wp\/v2\/media\/108646"}],"wp:attachment":[{"href":"https:\/\/www.keramika.com\/slovenija\/wp-json\/wp\/v2\/media?parent=108645"}],"wp:term":[{"taxonomy":"product_cat","embeddable":true,"href":"https:\/\/www.keramika.com\/slovenija\/wp-json\/wp\/v2\/product_cat?post=108645"},{"taxonomy":"product_tag","embeddable":true,"href":"https:\/\/www.keramika.com\/slovenija\/wp-json\/wp\/v2\/product_tag?post=108645"}],"curies":[{"name":"wp","href":"https:\/\/api.w.org\/{rel}","templated":true}]}}